







{"id":2338,"date":"2022-01-27T08:07:15","date_gmt":"2022-01-27T08:07:15","guid":{"rendered":"https:\/\/dlaseuro.wpengine.com\/product\/coconut-milk-golden-honey-shampoo\/"},"modified":"2023-04-01T04:55:08","modified_gmt":"2023-04-01T04:55:08","slug":"coconut-milk-golden-honey-shampoo","status":"publish","type":"product","link":"https:\/\/europe.dlasint.com\/ga\/product\/coconut-milk-golden-honey-shampoo\/","title":{"rendered":"Seamp\u00fa Bainne Cn\u00f3 C\u00f3c\u00f3 &amp; Mil \u00d3rga"},"content":{"rendered":"<p>D&#8217;Las Coconut Milk &amp; Golden Honey Shampoo is suitable for Curly hair.<\/p>\n<p>Enriched with Aloe vera, Provitamin B5, and mild surfactants, this silky formula gently cleanses the hair, improves hair shine, smoothness while helping to retain the shape of the curls.<\/p>\n<p>This lightweight advanced formula also refreshes the scalp while giving you a tropical bathing experience.<\/p>","protected":false},"excerpt":{"rendered":"<p>Cleanse and give life to your bouncy curls with D\u2019las Coconut and Golden Honey Shampoo.<\/p>","protected":false},"featured_media":2504,"comment_status":"open","ping_status":"closed","template":"","meta":{"_acf_changed":false,"footnotes":""},"product_brand":[],"product_cat":[202,385,357],"product_tag":[],"class_list":{"0":"post-2338","1":"product","2":"type-product","3":"status-publish","4":"has-post-thumbnail","6":"product_cat-coconut-milk-golden-honey-range","7":"product_cat-shampoo-hair","8":"product_cat-women","10":"first","11":"instock","12":"shipping-taxable","13":"purchasable","14":"product-type-simple","15":"add-to-wishlist-before_image"},"acf":[],"_links":{"self":[{"href":"https:\/\/europe.dlasint.com\/ga\/wp-json\/wp\/v2\/product\/2338","targetHints":{"allow":["GET"]}}],"collection":[{"href":"https:\/\/europe.dlasint.com\/ga\/wp-json\/wp\/v2\/product"}],"about":[{"href":"https:\/\/europe.dlasint.com\/ga\/wp-json\/wp\/v2\/types\/product"}],"replies":[{"embeddable":true,"href":"https:\/\/europe.dlasint.com\/ga\/wp-json\/wp\/v2\/comments?post=2338"}],"version-history":[{"count":0,"href":"https:\/\/europe.dlasint.com\/ga\/wp-json\/wp\/v2\/product\/2338\/revisions"}],"wp:featuredmedia":[{"embeddable":true,"href":"https:\/\/europe.dlasint.com\/ga\/wp-json\/wp\/v2\/media\/2504"}],"wp:attachment":[{"href":"https:\/\/europe.dlasint.com\/ga\/wp-json\/wp\/v2\/media?parent=2338"}],"wp:term":[{"taxonomy":"product_brand","embeddable":true,"href":"https:\/\/europe.dlasint.com\/ga\/wp-json\/wp\/v2\/product_brand?post=2338"},{"taxonomy":"product_cat","embeddable":true,"href":"https:\/\/europe.dlasint.com\/ga\/wp-json\/wp\/v2\/product_cat?post=2338"},{"taxonomy":"product_tag","embeddable":true,"href":"https:\/\/europe.dlasint.com\/ga\/wp-json\/wp\/v2\/product_tag?post=2338"}],"curies":[{"name":"wp","href":"https:\/\/api.w.org\/{rel}","templated":true}]}}