







{"id":2313,"date":"2022-01-27T08:07:11","date_gmt":"2022-01-27T08:07:11","guid":{"rendered":"https:\/\/dlaseuro.wpengine.com\/product\/pomegranate-shampoo\/"},"modified":"2025-05-25T13:42:24","modified_gmt":"2025-05-25T13:42:24","slug":"pomegranate-shampoo","status":"publish","type":"product","link":"https:\/\/europe.dlasint.com\/ga\/product\/pomegranate-shampoo\/","title":{"rendered":"Seamp\u00fa Pomegranate"},"content":{"rendered":"<p>T\u00e1 Seamp\u00fa Pomegranate D&#039;Las oiri\u00fanach do ghruaig dhaite\/gruaig at\u00e1 c\u00f3ire\u00e1ilte go ceimiceach.<\/p>\n<p>Saibhrithe le hal\u00f3 vera, pr\u00f3vitim\u00edn B5, agus dromchlaghn\u00edomhaithe \u00e9adroma, glanann an fhoirmle sh\u00edod\u00fail seo an ghruaig go r\u00e9idh agus coinn\u00edonn s\u00ed dath na gruaige agus feabhsa\u00edonn s\u00ed snasta, snasta agus r\u00e9idhe na gruaige chun gruaig saor \u00f3 chasadh a thabhairt.<\/p>\n<p>Feidhm\u00edonn seamp\u00fa pomegranate mar sciath chun dath na gruaige a chosaint agus eisp\u00e9ireas folctha torth\u00fail a thabhairt duit.<\/p>","protected":false},"excerpt":{"rendered":"<p>Ceansaigh do chuid gruaige millte le teagmh\u00e1il mh\u00edn de phomegran\u00e1it milis, torth\u00fail. Gach l\u00e1, uigeacht sh\u00edod\u00fail agus snasta fadtr\u00e9imhseach.<\/p>","protected":false},"featured_media":2575,"comment_status":"open","ping_status":"closed","template":"","meta":{"_acf_changed":false,"footnotes":""},"product_brand":[],"product_cat":[197,385,357],"product_tag":[],"class_list":{"0":"post-2313","1":"product","2":"type-product","3":"status-publish","4":"has-post-thumbnail","6":"product_cat-pomegranate-range","7":"product_cat-shampoo-hair","8":"product_cat-women","10":"first","11":"instock","12":"shipping-taxable","13":"purchasable","14":"product-type-simple","15":"add-to-wishlist-before_image"},"acf":[],"_links":{"self":[{"href":"https:\/\/europe.dlasint.com\/ga\/wp-json\/wp\/v2\/product\/2313","targetHints":{"allow":["GET"]}}],"collection":[{"href":"https:\/\/europe.dlasint.com\/ga\/wp-json\/wp\/v2\/product"}],"about":[{"href":"https:\/\/europe.dlasint.com\/ga\/wp-json\/wp\/v2\/types\/product"}],"replies":[{"embeddable":true,"href":"https:\/\/europe.dlasint.com\/ga\/wp-json\/wp\/v2\/comments?post=2313"}],"version-history":[{"count":0,"href":"https:\/\/europe.dlasint.com\/ga\/wp-json\/wp\/v2\/product\/2313\/revisions"}],"wp:featuredmedia":[{"embeddable":true,"href":"https:\/\/europe.dlasint.com\/ga\/wp-json\/wp\/v2\/media\/2575"}],"wp:attachment":[{"href":"https:\/\/europe.dlasint.com\/ga\/wp-json\/wp\/v2\/media?parent=2313"}],"wp:term":[{"taxonomy":"product_brand","embeddable":true,"href":"https:\/\/europe.dlasint.com\/ga\/wp-json\/wp\/v2\/product_brand?post=2313"},{"taxonomy":"product_cat","embeddable":true,"href":"https:\/\/europe.dlasint.com\/ga\/wp-json\/wp\/v2\/product_cat?post=2313"},{"taxonomy":"product_tag","embeddable":true,"href":"https:\/\/europe.dlasint.com\/ga\/wp-json\/wp\/v2\/product_tag?post=2313"}],"curies":[{"name":"wp","href":"https:\/\/api.w.org\/{rel}","templated":true}]}}