







{"id":4073,"date":"2022-02-22T10:46:12","date_gmt":"2022-02-22T10:46:12","guid":{"rendered":"https:\/\/dlaseuro.wpengine.com\/?post_type=product&#038;p=4073"},"modified":"2023-04-04T07:55:53","modified_gmt":"2023-04-04T07:55:53","slug":"ylang-ylang-cananga-odorata-var-genuina","status":"publish","type":"product","link":"https:\/\/europe.dlasint.com\/fr\/produit\/ylang-ylang-cananga-odorata-var-genuina\/","title":{"rendered":"Ylang Ylang (Cananga odorata var genuina)"},"content":{"rendered":"<p>Cette huile essentielle favorise la d\u00e9tente, apaise le stress, l&#039;anxi\u00e9t\u00e9, la tristesse, la tension. Sa qualit\u00e9 aphrodisiaque est r\u00e9put\u00e9e pour stimuler la libido et accro\u00eetre la sensualit\u00e9. Il a un ar\u00f4me intens\u00e9ment doux et doux avec une riche note florale.<\/p>\n<p>Le contenu net est de 20 ml<\/p>","protected":false},"excerpt":{"rendered":"<p>D&#039;las Ylang - L&#039;Huile Essentielle d&#039;Ylang est 100% naturelle et pure avec un ar\u00f4me unique \u00e0 haute concentration d&#039;Ylang-Ylang.<\/p>","protected":false},"featured_media":4107,"comment_status":"open","ping_status":"closed","template":"","meta":{"_acf_changed":false,"footnotes":""},"product_brand":[],"product_cat":[336],"product_tag":[],"class_list":{"0":"post-4073","1":"product","2":"type-product","3":"status-publish","4":"has-post-thumbnail","6":"product_cat-essential-oils","8":"first","9":"outofstock","10":"shipping-taxable","11":"purchasable","12":"product-type-simple","13":"add-to-wishlist-before_image"},"acf":[],"_links":{"self":[{"href":"https:\/\/europe.dlasint.com\/fr\/wp-json\/wp\/v2\/product\/4073","targetHints":{"allow":["GET"]}}],"collection":[{"href":"https:\/\/europe.dlasint.com\/fr\/wp-json\/wp\/v2\/product"}],"about":[{"href":"https:\/\/europe.dlasint.com\/fr\/wp-json\/wp\/v2\/types\/product"}],"replies":[{"embeddable":true,"href":"https:\/\/europe.dlasint.com\/fr\/wp-json\/wp\/v2\/comments?post=4073"}],"version-history":[{"count":0,"href":"https:\/\/europe.dlasint.com\/fr\/wp-json\/wp\/v2\/product\/4073\/revisions"}],"wp:featuredmedia":[{"embeddable":true,"href":"https:\/\/europe.dlasint.com\/fr\/wp-json\/wp\/v2\/media\/4107"}],"wp:attachment":[{"href":"https:\/\/europe.dlasint.com\/fr\/wp-json\/wp\/v2\/media?parent=4073"}],"wp:term":[{"taxonomy":"product_brand","embeddable":true,"href":"https:\/\/europe.dlasint.com\/fr\/wp-json\/wp\/v2\/product_brand?post=4073"},{"taxonomy":"product_cat","embeddable":true,"href":"https:\/\/europe.dlasint.com\/fr\/wp-json\/wp\/v2\/product_cat?post=4073"},{"taxonomy":"product_tag","embeddable":true,"href":"https:\/\/europe.dlasint.com\/fr\/wp-json\/wp\/v2\/product_tag?post=4073"}],"curies":[{"name":"wp","href":"https:\/\/api.w.org\/{rel}","templated":true}]}}