







{"id":3979,"date":"2022-02-22T09:21:22","date_gmt":"2022-02-22T09:21:22","guid":{"rendered":"https:\/\/dlaseuro.wpengine.com\/?post_type=product&#038;p=3979"},"modified":"2023-04-04T07:54:12","modified_gmt":"2023-04-04T07:54:12","slug":"cardamom-ellitaria-cardamomum","status":"publish","type":"product","link":"https:\/\/europe.dlasint.com\/fr\/produit\/cardamom-ellitaria-cardamomum\/","title":{"rendered":"Cardamome (Ellitaria cardamomum)"},"content":{"rendered":"<p>C&#039;est une huile essentielle antimicrobienne puissante qui va du jaune p\u00e2le au jaune brun\u00e2tre et a un ar\u00f4me fort et \u00e9pic\u00e9.<\/p>\n<p>Le contenu net est de 20 ml<\/p>","protected":false},"excerpt":{"rendered":"<p>L&#039;huile de cardamome D&#039;las est 100% naturelle et pure avec un ar\u00f4me unique de cardamome \u00e0 haute concentration.<\/p>","protected":false},"featured_media":3982,"comment_status":"open","ping_status":"closed","template":"","meta":{"_acf_changed":false,"footnotes":""},"product_brand":[],"product_cat":[336],"product_tag":[],"class_list":{"0":"post-3979","1":"product","2":"type-product","3":"status-publish","4":"has-post-thumbnail","6":"product_cat-essential-oils","8":"first","9":"outofstock","10":"shipping-taxable","11":"purchasable","12":"product-type-simple","13":"add-to-wishlist-before_image"},"acf":[],"_links":{"self":[{"href":"https:\/\/europe.dlasint.com\/fr\/wp-json\/wp\/v2\/product\/3979","targetHints":{"allow":["GET"]}}],"collection":[{"href":"https:\/\/europe.dlasint.com\/fr\/wp-json\/wp\/v2\/product"}],"about":[{"href":"https:\/\/europe.dlasint.com\/fr\/wp-json\/wp\/v2\/types\/product"}],"replies":[{"embeddable":true,"href":"https:\/\/europe.dlasint.com\/fr\/wp-json\/wp\/v2\/comments?post=3979"}],"version-history":[{"count":0,"href":"https:\/\/europe.dlasint.com\/fr\/wp-json\/wp\/v2\/product\/3979\/revisions"}],"wp:featuredmedia":[{"embeddable":true,"href":"https:\/\/europe.dlasint.com\/fr\/wp-json\/wp\/v2\/media\/3982"}],"wp:attachment":[{"href":"https:\/\/europe.dlasint.com\/fr\/wp-json\/wp\/v2\/media?parent=3979"}],"wp:term":[{"taxonomy":"product_brand","embeddable":true,"href":"https:\/\/europe.dlasint.com\/fr\/wp-json\/wp\/v2\/product_brand?post=3979"},{"taxonomy":"product_cat","embeddable":true,"href":"https:\/\/europe.dlasint.com\/fr\/wp-json\/wp\/v2\/product_cat?post=3979"},{"taxonomy":"product_tag","embeddable":true,"href":"https:\/\/europe.dlasint.com\/fr\/wp-json\/wp\/v2\/product_tag?post=3979"}],"curies":[{"name":"wp","href":"https:\/\/api.w.org\/{rel}","templated":true}]}}