







{"id":2469,"date":"2022-01-27T08:07:34","date_gmt":"2022-01-27T08:07:34","guid":{"rendered":"https:\/\/dlaseuro.wpengine.com\/product\/kumudu-incense-sticks-small\/"},"modified":"2023-04-04T07:51:42","modified_gmt":"2023-04-04T07:51:42","slug":"kumudu-incense-sticks-small","status":"publish","type":"product","link":"https:\/\/europe.dlasint.com\/fr\/produit\/kumudu-incense-sticks-small\/","title":{"rendered":"B\u00e2tonnets d&#039;encens Kumudu \u2013 Petit"},"content":{"rendered":"<p>Cette ancienne formule artisanale de fleur de Kumudu et d&#039;autres ingr\u00e9dients naturels a un parfum aromatique et aide \u00e0 garder votre espace de vie paisible, apais\u00e9 et d\u00e9tendu.<\/p>","protected":false},"excerpt":{"rendered":"<p>Create a calming atmosphere in your living space with the tranquilizing fragrance of the Kumudu flower<\/p>","protected":false},"featured_media":3008,"comment_status":"open","ping_status":"closed","template":"","meta":{"_acf_changed":false,"footnotes":""},"product_brand":[],"product_cat":[230],"product_tag":[],"class_list":{"0":"post-2469","1":"product","2":"type-product","3":"status-publish","4":"has-post-thumbnail","6":"product_cat-incense-sticks","8":"first","9":"instock","10":"shipping-taxable","11":"purchasable","12":"product-type-simple","13":"add-to-wishlist-before_image"},"acf":[],"_links":{"self":[{"href":"https:\/\/europe.dlasint.com\/fr\/wp-json\/wp\/v2\/product\/2469","targetHints":{"allow":["GET"]}}],"collection":[{"href":"https:\/\/europe.dlasint.com\/fr\/wp-json\/wp\/v2\/product"}],"about":[{"href":"https:\/\/europe.dlasint.com\/fr\/wp-json\/wp\/v2\/types\/product"}],"replies":[{"embeddable":true,"href":"https:\/\/europe.dlasint.com\/fr\/wp-json\/wp\/v2\/comments?post=2469"}],"version-history":[{"count":0,"href":"https:\/\/europe.dlasint.com\/fr\/wp-json\/wp\/v2\/product\/2469\/revisions"}],"wp:featuredmedia":[{"embeddable":true,"href":"https:\/\/europe.dlasint.com\/fr\/wp-json\/wp\/v2\/media\/3008"}],"wp:attachment":[{"href":"https:\/\/europe.dlasint.com\/fr\/wp-json\/wp\/v2\/media?parent=2469"}],"wp:term":[{"taxonomy":"product_brand","embeddable":true,"href":"https:\/\/europe.dlasint.com\/fr\/wp-json\/wp\/v2\/product_brand?post=2469"},{"taxonomy":"product_cat","embeddable":true,"href":"https:\/\/europe.dlasint.com\/fr\/wp-json\/wp\/v2\/product_cat?post=2469"},{"taxonomy":"product_tag","embeddable":true,"href":"https:\/\/europe.dlasint.com\/fr\/wp-json\/wp\/v2\/product_tag?post=2469"}],"curies":[{"name":"wp","href":"https:\/\/api.w.org\/{rel}","templated":true}]}}