







{"id":2404,"date":"2022-01-27T08:07:25","date_gmt":"2022-01-27T08:07:25","guid":{"rendered":"https:\/\/dlaseuro.wpengine.com\/product\/tea-tree-foaming-facial-cleanser\/"},"modified":"2023-04-01T05:13:07","modified_gmt":"2023-04-01T05:13:07","slug":"tea-tree-foaming-facial-cleanser","status":"publish","type":"product","link":"https:\/\/europe.dlasint.com\/fr\/produit\/tea-tree-foaming-facial-cleanser\/","title":{"rendered":"Nettoyant moussant pour le visage \u00e0 l&#039;arbre \u00e0 th\u00e9"},"content":{"rendered":"<p>D\u2019Las Tea Tree- Skin Purifying Foaming Facial Cleanser is a sulfate-free mild foaming cleanser that is enriched with Tea Tree and Lemon oil. Tea Tree helps to promote glowing skin while soothing irritations whereas, Lemon oil helps to reduce breakouts.<\/p>\n<p>The creamy foam of this advanced formula lathers quickly and help to deep cleanse removing dirt and impurities without making the skin feel tight afterward.<\/p>","protected":false},"excerpt":{"rendered":"<p>Feel fresh all day with Tea Tree and Lemon Oil. Deeply cleanses the skin, leaving it flawless, clear, and fresh.<\/p>","protected":false},"featured_media":3697,"comment_status":"open","ping_status":"closed","template":"","meta":{"_acf_changed":false,"footnotes":""},"product_brand":[],"product_cat":[221,414,357],"product_tag":[],"class_list":{"0":"post-2404","1":"product","2":"type-product","3":"status-publish","4":"has-post-thumbnail","6":"product_cat-foam-cleansers","7":"product_cat-foaming-cleansers","8":"product_cat-women","10":"first","11":"instock","12":"shipping-taxable","13":"purchasable","14":"product-type-simple","15":"add-to-wishlist-before_image"},"acf":[],"_links":{"self":[{"href":"https:\/\/europe.dlasint.com\/fr\/wp-json\/wp\/v2\/product\/2404","targetHints":{"allow":["GET"]}}],"collection":[{"href":"https:\/\/europe.dlasint.com\/fr\/wp-json\/wp\/v2\/product"}],"about":[{"href":"https:\/\/europe.dlasint.com\/fr\/wp-json\/wp\/v2\/types\/product"}],"replies":[{"embeddable":true,"href":"https:\/\/europe.dlasint.com\/fr\/wp-json\/wp\/v2\/comments?post=2404"}],"version-history":[{"count":0,"href":"https:\/\/europe.dlasint.com\/fr\/wp-json\/wp\/v2\/product\/2404\/revisions"}],"wp:featuredmedia":[{"embeddable":true,"href":"https:\/\/europe.dlasint.com\/fr\/wp-json\/wp\/v2\/media\/3697"}],"wp:attachment":[{"href":"https:\/\/europe.dlasint.com\/fr\/wp-json\/wp\/v2\/media?parent=2404"}],"wp:term":[{"taxonomy":"product_brand","embeddable":true,"href":"https:\/\/europe.dlasint.com\/fr\/wp-json\/wp\/v2\/product_brand?post=2404"},{"taxonomy":"product_cat","embeddable":true,"href":"https:\/\/europe.dlasint.com\/fr\/wp-json\/wp\/v2\/product_cat?post=2404"},{"taxonomy":"product_tag","embeddable":true,"href":"https:\/\/europe.dlasint.com\/fr\/wp-json\/wp\/v2\/product_tag?post=2404"}],"curies":[{"name":"wp","href":"https:\/\/api.w.org\/{rel}","templated":true}]}}