







{"id":2389,"date":"2022-01-27T08:07:23","date_gmt":"2022-01-27T08:07:23","guid":{"rendered":"https:\/\/dlaseuro.wpengine.com\/product\/cooling-balm\/"},"modified":"2023-04-01T05:05:07","modified_gmt":"2023-04-01T05:05:07","slug":"cooling-balm","status":"publish","type":"product","link":"https:\/\/europe.dlasint.com\/fr\/produit\/cooling-balm\/","title":{"rendered":"Baume rafra\u00eechissant"},"content":{"rendered":"<p>Une formule non grasse \u00e0 absorption rapide qui peut \u00eatre utilis\u00e9e lors de vos d\u00e9placements ou chaque fois que vous en avez besoin.<\/p>\n<p>Enriched with 100% natural oil of Lavender, Peppermint, Vetiver, Lemongrass, and Virgin Coconut combined with Beeswax, this potent blend helps to relax your mind by soothing and releasing stress with its cooling and calming properties.<\/p>\n<p>Cela peut \u00eatre utilis\u00e9 quotidiennement et est un must dans votre sac.<\/p>","protected":false},"excerpt":{"rendered":"<p>Revitalize your senses with the cooling and calming therapy of Lavender, Peppermint, Lemongrass, and other natural oils.<\/p>","protected":false},"featured_media":2855,"comment_status":"open","ping_status":"closed","template":"","meta":{"_acf_changed":false,"footnotes":""},"product_brand":[],"product_cat":[412,215,357],"product_tag":[],"class_list":{"0":"post-2389","1":"product","2":"type-product","3":"status-publish","4":"has-post-thumbnail","6":"product_cat-aromatherapy-balms","7":"product_cat-cooling-range","8":"product_cat-women","10":"first","11":"instock","12":"shipping-taxable","13":"purchasable","14":"product-type-simple","15":"add-to-wishlist-before_image"},"acf":[],"_links":{"self":[{"href":"https:\/\/europe.dlasint.com\/fr\/wp-json\/wp\/v2\/product\/2389","targetHints":{"allow":["GET"]}}],"collection":[{"href":"https:\/\/europe.dlasint.com\/fr\/wp-json\/wp\/v2\/product"}],"about":[{"href":"https:\/\/europe.dlasint.com\/fr\/wp-json\/wp\/v2\/types\/product"}],"replies":[{"embeddable":true,"href":"https:\/\/europe.dlasint.com\/fr\/wp-json\/wp\/v2\/comments?post=2389"}],"version-history":[{"count":0,"href":"https:\/\/europe.dlasint.com\/fr\/wp-json\/wp\/v2\/product\/2389\/revisions"}],"wp:featuredmedia":[{"embeddable":true,"href":"https:\/\/europe.dlasint.com\/fr\/wp-json\/wp\/v2\/media\/2855"}],"wp:attachment":[{"href":"https:\/\/europe.dlasint.com\/fr\/wp-json\/wp\/v2\/media?parent=2389"}],"wp:term":[{"taxonomy":"product_brand","embeddable":true,"href":"https:\/\/europe.dlasint.com\/fr\/wp-json\/wp\/v2\/product_brand?post=2389"},{"taxonomy":"product_cat","embeddable":true,"href":"https:\/\/europe.dlasint.com\/fr\/wp-json\/wp\/v2\/product_cat?post=2389"},{"taxonomy":"product_tag","embeddable":true,"href":"https:\/\/europe.dlasint.com\/fr\/wp-json\/wp\/v2\/product_tag?post=2389"}],"curies":[{"name":"wp","href":"https:\/\/api.w.org\/{rel}","templated":true}]}}