







{"id":2341,"date":"2022-01-27T08:07:15","date_gmt":"2022-01-27T08:07:15","guid":{"rendered":"https:\/\/dlaseuro.wpengine.com\/product\/hibiscus-shampoo\/"},"modified":"2023-04-01T05:05:54","modified_gmt":"2023-04-01T05:05:54","slug":"hibiscus-shampoo","status":"publish","type":"product","link":"https:\/\/europe.dlasint.com\/fr\/produit\/hibiscus-shampoo\/","title":{"rendered":"Shampoing antipelliculaire et nourrissant \u00e0 l&#039;hibiscus"},"content":{"rendered":"<p>Dites adieu aux pellicules avec le shampooing D&#039;Las Hibiscus et lib\u00e9rez ces beaux cheveux impeccables en toute confiance.<\/p>\n<p>La riche composition chimique de l&#039;extrait naturel de fleur d&#039;hibiscus pr\u00e9vient les pellicules, les d\u00e9mangeaisons du cuir chevelu et les pointes fourchues, tout en pr\u00e9servant l&#039;\u00e9quilibre hydrique. Les propri\u00e9t\u00e9s nourrissantes du shampoing adoucissent et lissent les cheveux, les rendant plus faciles \u00e0 coiffer.<\/p>\n<p>Cette formule avanc\u00e9e aide \u00e0 nettoyer en profondeur les cheveux et \u00e0 les garder brillants, forts et sans frisottis.<\/p>","protected":false},"excerpt":{"rendered":"<p>\u00c9liminez les pellicules gr\u00e2ce \u00e0 l&#039;extrait de fleur d&#039;hibiscus. Il donne du volume et nourrit les cheveux, les laissant lisses et soyeux.<\/p>","protected":false},"featured_media":2883,"comment_status":"open","ping_status":"closed","template":"","meta":{"_acf_changed":false,"footnotes":""},"product_brand":[],"product_cat":[204,255,385,357],"product_tag":[],"class_list":{"0":"post-2341","1":"product","2":"type-product","3":"status-publish","4":"has-post-thumbnail","6":"product_cat-hibiscus-range","7":"product_cat-new-arrivals","8":"product_cat-shampoo-hair","9":"product_cat-women","11":"first","12":"instock","13":"shipping-taxable","14":"purchasable","15":"product-type-simple","16":"add-to-wishlist-before_image"},"acf":[],"_links":{"self":[{"href":"https:\/\/europe.dlasint.com\/fr\/wp-json\/wp\/v2\/product\/2341","targetHints":{"allow":["GET"]}}],"collection":[{"href":"https:\/\/europe.dlasint.com\/fr\/wp-json\/wp\/v2\/product"}],"about":[{"href":"https:\/\/europe.dlasint.com\/fr\/wp-json\/wp\/v2\/types\/product"}],"replies":[{"embeddable":true,"href":"https:\/\/europe.dlasint.com\/fr\/wp-json\/wp\/v2\/comments?post=2341"}],"version-history":[{"count":0,"href":"https:\/\/europe.dlasint.com\/fr\/wp-json\/wp\/v2\/product\/2341\/revisions"}],"wp:featuredmedia":[{"embeddable":true,"href":"https:\/\/europe.dlasint.com\/fr\/wp-json\/wp\/v2\/media\/2883"}],"wp:attachment":[{"href":"https:\/\/europe.dlasint.com\/fr\/wp-json\/wp\/v2\/media?parent=2341"}],"wp:term":[{"taxonomy":"product_brand","embeddable":true,"href":"https:\/\/europe.dlasint.com\/fr\/wp-json\/wp\/v2\/product_brand?post=2341"},{"taxonomy":"product_cat","embeddable":true,"href":"https:\/\/europe.dlasint.com\/fr\/wp-json\/wp\/v2\/product_cat?post=2341"},{"taxonomy":"product_tag","embeddable":true,"href":"https:\/\/europe.dlasint.com\/fr\/wp-json\/wp\/v2\/product_tag?post=2341"}],"curies":[{"name":"wp","href":"https:\/\/api.w.org\/{rel}","templated":true}]}}