







{"id":2315,"date":"2022-01-27T08:07:11","date_gmt":"2022-01-27T08:07:11","guid":{"rendered":"https:\/\/dlaseuro.wpengine.com\/product\/pomegranate-handmade-soap\/"},"modified":"2023-04-01T05:21:47","modified_gmt":"2023-04-01T05:21:47","slug":"pomegranate-handmade-soap","status":"publish","type":"product","link":"https:\/\/europe.dlasint.com\/fr\/produit\/pomegranate-handmade-soap\/","title":{"rendered":"Savon Artisanal Grenade"},"content":{"rendered":"<p>Le savon artisanal \u00e0 la grenade D&#039;Las convient \u00e0 tous les types de peau.<\/p>\n<p>Enrichi en huile de coco, huile de ricin, huile de graines de tournesol et ingr\u00e9dients doux pour la peau, il nettoiera en douceur votre peau d\u00e9licate, offrant une protection globale de la peau.<\/p>\n<p>Ces ingr\u00e9dients naturels aident \u00e0 purifier votre peau en \u00e9liminant les cellules mortes et en vous laissant une peau claire et uniforme.<\/p>\n<p>Sensation sucr\u00e9e et fruit\u00e9e pour un rafra\u00eechissement quotidien !<\/p>","protected":false},"excerpt":{"rendered":"<p>Infus\u00e9 de grenade douce et d&#039;huiles v\u00e9g\u00e9tales naturelles, le savon artisanal \u00e0 la grenade D&#039;las d\u00e9voilera la beaut\u00e9 cach\u00e9e de votre peau !<\/p>","protected":false},"featured_media":2581,"comment_status":"open","ping_status":"closed","template":"","meta":{"_acf_changed":false,"footnotes":""},"product_brand":[],"product_cat":[381,197,357],"product_tag":[],"class_list":{"0":"post-2315","1":"product","2":"type-product","3":"status-publish","4":"has-post-thumbnail","6":"product_cat-handmade-soap-body","7":"product_cat-pomegranate-range","8":"product_cat-women","10":"first","11":"instock","12":"shipping-taxable","13":"purchasable","14":"product-type-simple","15":"add-to-wishlist-before_image"},"acf":[],"_links":{"self":[{"href":"https:\/\/europe.dlasint.com\/fr\/wp-json\/wp\/v2\/product\/2315","targetHints":{"allow":["GET"]}}],"collection":[{"href":"https:\/\/europe.dlasint.com\/fr\/wp-json\/wp\/v2\/product"}],"about":[{"href":"https:\/\/europe.dlasint.com\/fr\/wp-json\/wp\/v2\/types\/product"}],"replies":[{"embeddable":true,"href":"https:\/\/europe.dlasint.com\/fr\/wp-json\/wp\/v2\/comments?post=2315"}],"version-history":[{"count":0,"href":"https:\/\/europe.dlasint.com\/fr\/wp-json\/wp\/v2\/product\/2315\/revisions"}],"wp:featuredmedia":[{"embeddable":true,"href":"https:\/\/europe.dlasint.com\/fr\/wp-json\/wp\/v2\/media\/2581"}],"wp:attachment":[{"href":"https:\/\/europe.dlasint.com\/fr\/wp-json\/wp\/v2\/media?parent=2315"}],"wp:term":[{"taxonomy":"product_brand","embeddable":true,"href":"https:\/\/europe.dlasint.com\/fr\/wp-json\/wp\/v2\/product_brand?post=2315"},{"taxonomy":"product_cat","embeddable":true,"href":"https:\/\/europe.dlasint.com\/fr\/wp-json\/wp\/v2\/product_cat?post=2315"},{"taxonomy":"product_tag","embeddable":true,"href":"https:\/\/europe.dlasint.com\/fr\/wp-json\/wp\/v2\/product_tag?post=2315"}],"curies":[{"name":"wp","href":"https:\/\/api.w.org\/{rel}","templated":true}]}}