







{"id":2310,"date":"2022-01-27T08:07:11","date_gmt":"2022-01-27T08:07:11","guid":{"rendered":"https:\/\/dlaseuro.wpengine.com\/product\/mango-handmade-soap\/"},"modified":"2025-05-26T00:52:08","modified_gmt":"2025-05-26T00:52:08","slug":"mango-handmade-soap","status":"publish","type":"product","link":"https:\/\/europe.dlasint.com\/fr\/produit\/mango-handmade-soap\/","title":{"rendered":"Savon Artisanal \u00e0 la Mangue"},"content":{"rendered":"<p>D&#8217;Las Mango Handmade soap is suitable for all skin types.<\/p>\n<p>Enrichi en huile de coco, huile de ricin, huile de graines de tournesol et ingr\u00e9dients doux pour la peau, il nettoiera en douceur votre peau d\u00e9licate, offrant une protection globale de la peau.<\/p>\n<p>These natural ingredients help purify your skin by getting rid of dead skin cells while leaving your skin soft and plump.<\/p>\n<p>Sensation sucr\u00e9e et fruit\u00e9e pour un rafra\u00eechissement quotidien !<\/p>","protected":false},"excerpt":{"rendered":"<p>Your body will not say no to the sweetest fruity Mangoes that will leave your skin soft and supple.<\/p>","protected":false},"featured_media":2561,"comment_status":"open","ping_status":"closed","template":"","meta":{"_acf_changed":false,"footnotes":""},"product_brand":[],"product_cat":[381,196,357],"product_tag":[],"class_list":{"0":"post-2310","1":"product","2":"type-product","3":"status-publish","4":"has-post-thumbnail","6":"product_cat-handmade-soap-body","7":"product_cat-mango-range","8":"product_cat-women","10":"first","11":"instock","12":"shipping-taxable","13":"purchasable","14":"product-type-simple","15":"add-to-wishlist-before_image"},"acf":[],"_links":{"self":[{"href":"https:\/\/europe.dlasint.com\/fr\/wp-json\/wp\/v2\/product\/2310","targetHints":{"allow":["GET"]}}],"collection":[{"href":"https:\/\/europe.dlasint.com\/fr\/wp-json\/wp\/v2\/product"}],"about":[{"href":"https:\/\/europe.dlasint.com\/fr\/wp-json\/wp\/v2\/types\/product"}],"replies":[{"embeddable":true,"href":"https:\/\/europe.dlasint.com\/fr\/wp-json\/wp\/v2\/comments?post=2310"}],"version-history":[{"count":0,"href":"https:\/\/europe.dlasint.com\/fr\/wp-json\/wp\/v2\/product\/2310\/revisions"}],"wp:featuredmedia":[{"embeddable":true,"href":"https:\/\/europe.dlasint.com\/fr\/wp-json\/wp\/v2\/media\/2561"}],"wp:attachment":[{"href":"https:\/\/europe.dlasint.com\/fr\/wp-json\/wp\/v2\/media?parent=2310"}],"wp:term":[{"taxonomy":"product_brand","embeddable":true,"href":"https:\/\/europe.dlasint.com\/fr\/wp-json\/wp\/v2\/product_brand?post=2310"},{"taxonomy":"product_cat","embeddable":true,"href":"https:\/\/europe.dlasint.com\/fr\/wp-json\/wp\/v2\/product_cat?post=2310"},{"taxonomy":"product_tag","embeddable":true,"href":"https:\/\/europe.dlasint.com\/fr\/wp-json\/wp\/v2\/product_tag?post=2310"}],"curies":[{"name":"wp","href":"https:\/\/api.w.org\/{rel}","templated":true}]}}