







{"id":4077,"date":"2022-02-22T11:01:03","date_gmt":"2022-02-22T11:01:03","guid":{"rendered":"https:\/\/dlaseuro.wpengine.com\/?post_type=product&#038;p=4077"},"modified":"2024-11-30T16:22:19","modified_gmt":"2024-11-30T16:22:19","slug":"oud-shower-gel","status":"publish","type":"product","link":"https:\/\/europe.dlasint.com\/fi\/tuote\/oud-shower-gel\/","title":{"rendered":"OUD suihkugeeli"},"content":{"rendered":"<p>Ainutlaatuinen D&#039;las OUD -suihkugeelin yhdistelm\u00e4 auttaa syv\u00e4puhdistamaan ja saamaan ihosta raikkaan, kosteutetun ja pehme\u00e4n tuntuisen.<\/p>\n<p>OUD Oil -\u00f6ljyn puiset tuoksut luovat v\u00e4litt\u00f6m\u00e4n rentouttavan tunnelman j\u00e4tt\u00e4en samalla herk\u00e4n tuoksuisen tunteen iholle.<\/p>","protected":false},"excerpt":{"rendered":"<p>Palkitse itsesi ylellisell\u00e4 kylpykokemuksella, joka on rikastettu luonnollisen OUD-\u00f6ljyn hyvyydest\u00e4.<\/p>","protected":false},"featured_media":4269,"comment_status":"open","ping_status":"closed","template":"","meta":{"_acf_changed":false,"footnotes":""},"product_brand":[],"product_cat":[255,341,383,357],"product_tag":[],"class_list":{"0":"post-4077","1":"product","2":"type-product","3":"status-publish","4":"has-post-thumbnail","6":"product_cat-new-arrivals","7":"product_cat-oud-range","8":"product_cat-shower-gel-body","9":"product_cat-women","11":"first","12":"instock","13":"featured","14":"shipping-taxable","15":"purchasable","16":"product-type-simple","17":"add-to-wishlist-before_image"},"acf":[],"_links":{"self":[{"href":"https:\/\/europe.dlasint.com\/fi\/wp-json\/wp\/v2\/product\/4077","targetHints":{"allow":["GET"]}}],"collection":[{"href":"https:\/\/europe.dlasint.com\/fi\/wp-json\/wp\/v2\/product"}],"about":[{"href":"https:\/\/europe.dlasint.com\/fi\/wp-json\/wp\/v2\/types\/product"}],"replies":[{"embeddable":true,"href":"https:\/\/europe.dlasint.com\/fi\/wp-json\/wp\/v2\/comments?post=4077"}],"version-history":[{"count":0,"href":"https:\/\/europe.dlasint.com\/fi\/wp-json\/wp\/v2\/product\/4077\/revisions"}],"wp:featuredmedia":[{"embeddable":true,"href":"https:\/\/europe.dlasint.com\/fi\/wp-json\/wp\/v2\/media\/4269"}],"wp:attachment":[{"href":"https:\/\/europe.dlasint.com\/fi\/wp-json\/wp\/v2\/media?parent=4077"}],"wp:term":[{"taxonomy":"product_brand","embeddable":true,"href":"https:\/\/europe.dlasint.com\/fi\/wp-json\/wp\/v2\/product_brand?post=4077"},{"taxonomy":"product_cat","embeddable":true,"href":"https:\/\/europe.dlasint.com\/fi\/wp-json\/wp\/v2\/product_cat?post=4077"},{"taxonomy":"product_tag","embeddable":true,"href":"https:\/\/europe.dlasint.com\/fi\/wp-json\/wp\/v2\/product_tag?post=4077"}],"curies":[{"name":"wp","href":"https:\/\/api.w.org\/{rel}","templated":true}]}}