







{"id":2396,"date":"2022-01-27T08:07:24","date_gmt":"2022-01-27T08:07:24","guid":{"rendered":"https:\/\/dlaseuro.wpengine.com\/product\/relaxing-hydrosol\/"},"modified":"2023-04-01T05:30:22","modified_gmt":"2023-04-01T05:30:22","slug":"relaxing-hydrosol","status":"publish","type":"product","link":"https:\/\/europe.dlasint.com\/fi\/tuote\/relaxing-hydrosol\/","title":{"rendered":"Rentouttava hydrosoli"},"content":{"rendered":"<p>D&#039;las Relaxing Hydrosol on t\u00e4ynn\u00e4 aitoja santelipuun ja laventelin aromeja.<\/p>\n<p>Laventelin rauhoittava tuoksu ja santelipuun l\u00e4mmin ja pehme\u00e4 tuoksu nostavat mielialaasi v\u00e4litt\u00f6m\u00e4sti v\u00e4hent\u00e4m\u00e4ll\u00e4 stressi\u00e4, j\u00e4nnityst\u00e4 ja ahdistusta ja samalla tarjoamalla miellytt\u00e4v\u00e4n tunteen.<\/p>\n<p>T\u00e4t\u00e4 voidaan k\u00e4ytt\u00e4\u00e4 kasvosumuna\/v\u00e4riaineena, vartalosumuna, ihon tonicina, ilmanraikasteena tai pellavasuihkeena.<\/p>","protected":false},"excerpt":{"rendered":"<p>Rentouta vartaloasi laventelin ja santelipuun aromaattisilla ominaisuuksilla. Miellytt\u00e4v\u00e4 tuoksu rauhoittaa mielt\u00e4 ja lievitt\u00e4\u00e4 stressi\u00e4.<\/p>","protected":false},"featured_media":2829,"comment_status":"open","ping_status":"closed","template":"","meta":{"_acf_changed":false,"footnotes":""},"product_brand":[],"product_cat":[380,217,357],"product_tag":[],"class_list":{"0":"post-2396","1":"product","2":"type-product","3":"status-publish","4":"has-post-thumbnail","6":"product_cat-hydrosol-body","7":"product_cat-relaxing-range","8":"product_cat-women","10":"first","11":"instock","12":"shipping-taxable","13":"purchasable","14":"product-type-simple","15":"add-to-wishlist-before_image"},"acf":[],"_links":{"self":[{"href":"https:\/\/europe.dlasint.com\/fi\/wp-json\/wp\/v2\/product\/2396","targetHints":{"allow":["GET"]}}],"collection":[{"href":"https:\/\/europe.dlasint.com\/fi\/wp-json\/wp\/v2\/product"}],"about":[{"href":"https:\/\/europe.dlasint.com\/fi\/wp-json\/wp\/v2\/types\/product"}],"replies":[{"embeddable":true,"href":"https:\/\/europe.dlasint.com\/fi\/wp-json\/wp\/v2\/comments?post=2396"}],"version-history":[{"count":0,"href":"https:\/\/europe.dlasint.com\/fi\/wp-json\/wp\/v2\/product\/2396\/revisions"}],"wp:featuredmedia":[{"embeddable":true,"href":"https:\/\/europe.dlasint.com\/fi\/wp-json\/wp\/v2\/media\/2829"}],"wp:attachment":[{"href":"https:\/\/europe.dlasint.com\/fi\/wp-json\/wp\/v2\/media?parent=2396"}],"wp:term":[{"taxonomy":"product_brand","embeddable":true,"href":"https:\/\/europe.dlasint.com\/fi\/wp-json\/wp\/v2\/product_brand?post=2396"},{"taxonomy":"product_cat","embeddable":true,"href":"https:\/\/europe.dlasint.com\/fi\/wp-json\/wp\/v2\/product_cat?post=2396"},{"taxonomy":"product_tag","embeddable":true,"href":"https:\/\/europe.dlasint.com\/fi\/wp-json\/wp\/v2\/product_tag?post=2396"}],"curies":[{"name":"wp","href":"https:\/\/api.w.org\/{rel}","templated":true}]}}