







{"id":2341,"date":"2022-01-27T08:07:15","date_gmt":"2022-01-27T08:07:15","guid":{"rendered":"https:\/\/dlaseuro.wpengine.com\/product\/hibiscus-shampoo\/"},"modified":"2023-04-01T05:05:54","modified_gmt":"2023-04-01T05:05:54","slug":"hibiscus-shampoo","status":"publish","type":"product","link":"https:\/\/europe.dlasint.com\/fi\/tuote\/hibiscus-shampoo\/","title":{"rendered":"Hibiscus hilsett\u00e4 ehk\u00e4isev\u00e4 ja ravitseva shampoo"},"content":{"rendered":"<p>Say bye-bye to dandruff with D&#8217;Las Hibiscus Shampoo and set free that squeaky clean beautiful hair with confidence.<\/p>\n<p>The rich chemical composition of naturally sourced Hibiscus flower extract can prevent dandruff, itchy scalp, and split ends while maintaining moisture balance. The nourishing properties of the shampoo will soften and smoothen the hair, making it easier to manage.<\/p>\n<p>This advanced formula helps to deep cleanse the hair and keep it shiny, strong, and frizz-free.<\/p>","protected":false},"excerpt":{"rendered":"<p>Get rid of dandruff with Hibiscus flower extract. Volumizes and nourishes the hair, leaving it smooth and silky.<\/p>","protected":false},"featured_media":2883,"comment_status":"open","ping_status":"closed","template":"","meta":{"_acf_changed":false,"footnotes":""},"product_brand":[],"product_cat":[204,255,385,357],"product_tag":[],"class_list":{"0":"post-2341","1":"product","2":"type-product","3":"status-publish","4":"has-post-thumbnail","6":"product_cat-hibiscus-range","7":"product_cat-new-arrivals","8":"product_cat-shampoo-hair","9":"product_cat-women","11":"first","12":"instock","13":"shipping-taxable","14":"purchasable","15":"product-type-simple","16":"add-to-wishlist-before_image"},"acf":[],"_links":{"self":[{"href":"https:\/\/europe.dlasint.com\/fi\/wp-json\/wp\/v2\/product\/2341","targetHints":{"allow":["GET"]}}],"collection":[{"href":"https:\/\/europe.dlasint.com\/fi\/wp-json\/wp\/v2\/product"}],"about":[{"href":"https:\/\/europe.dlasint.com\/fi\/wp-json\/wp\/v2\/types\/product"}],"replies":[{"embeddable":true,"href":"https:\/\/europe.dlasint.com\/fi\/wp-json\/wp\/v2\/comments?post=2341"}],"version-history":[{"count":0,"href":"https:\/\/europe.dlasint.com\/fi\/wp-json\/wp\/v2\/product\/2341\/revisions"}],"wp:featuredmedia":[{"embeddable":true,"href":"https:\/\/europe.dlasint.com\/fi\/wp-json\/wp\/v2\/media\/2883"}],"wp:attachment":[{"href":"https:\/\/europe.dlasint.com\/fi\/wp-json\/wp\/v2\/media?parent=2341"}],"wp:term":[{"taxonomy":"product_brand","embeddable":true,"href":"https:\/\/europe.dlasint.com\/fi\/wp-json\/wp\/v2\/product_brand?post=2341"},{"taxonomy":"product_cat","embeddable":true,"href":"https:\/\/europe.dlasint.com\/fi\/wp-json\/wp\/v2\/product_cat?post=2341"},{"taxonomy":"product_tag","embeddable":true,"href":"https:\/\/europe.dlasint.com\/fi\/wp-json\/wp\/v2\/product_tag?post=2341"}],"curies":[{"name":"wp","href":"https:\/\/api.w.org\/{rel}","templated":true}]}}