







{"id":2315,"date":"2022-01-27T08:07:11","date_gmt":"2022-01-27T08:07:11","guid":{"rendered":"https:\/\/dlaseuro.wpengine.com\/product\/pomegranate-handmade-soap\/"},"modified":"2023-04-01T05:21:47","modified_gmt":"2023-04-01T05:21:47","slug":"pomegranate-handmade-soap","status":"publish","type":"product","link":"https:\/\/europe.dlasint.com\/fi\/tuote\/pomegranate-handmade-soap\/","title":{"rendered":"Granaattiomena k\u00e4sintehty saippua"},"content":{"rendered":"<p>D&#8217;Las Pomegranate Handmade soap is suitable for all skin types.<\/p>\n<p>Kookos\u00f6ljyll\u00e4, risiini\u00f6ljyll\u00e4, auringonkukka\u00f6ljyll\u00e4 ja ihoyst\u00e4v\u00e4llisill\u00e4 ainesosilla rikastettu puhdistusaine puhdistaa herk\u00e4n ihosi hell\u00e4varaisesti ja tarjoaa iholle kokonaisvaltaisen suojan.<\/p>\n<p>These natural ingredients help purify your skin by getting rid of dead skin cells and leaving you with clear, even-toned skin.<\/p>\n<p>Sweet, Fruity sensation for everyday freshening!<\/p>","protected":false},"excerpt":{"rendered":"<p>Infused with sweet pomegranate and natural plant oils, D\u2019las Pomegranate Handmade Soap will unveil the hidden beauty of your skin!<\/p>","protected":false},"featured_media":2581,"comment_status":"open","ping_status":"closed","template":"","meta":{"_acf_changed":false,"footnotes":""},"product_brand":[],"product_cat":[381,197,357],"product_tag":[],"class_list":{"0":"post-2315","1":"product","2":"type-product","3":"status-publish","4":"has-post-thumbnail","6":"product_cat-handmade-soap-body","7":"product_cat-pomegranate-range","8":"product_cat-women","10":"first","11":"instock","12":"shipping-taxable","13":"purchasable","14":"product-type-simple","15":"add-to-wishlist-before_image"},"acf":[],"_links":{"self":[{"href":"https:\/\/europe.dlasint.com\/fi\/wp-json\/wp\/v2\/product\/2315","targetHints":{"allow":["GET"]}}],"collection":[{"href":"https:\/\/europe.dlasint.com\/fi\/wp-json\/wp\/v2\/product"}],"about":[{"href":"https:\/\/europe.dlasint.com\/fi\/wp-json\/wp\/v2\/types\/product"}],"replies":[{"embeddable":true,"href":"https:\/\/europe.dlasint.com\/fi\/wp-json\/wp\/v2\/comments?post=2315"}],"version-history":[{"count":0,"href":"https:\/\/europe.dlasint.com\/fi\/wp-json\/wp\/v2\/product\/2315\/revisions"}],"wp:featuredmedia":[{"embeddable":true,"href":"https:\/\/europe.dlasint.com\/fi\/wp-json\/wp\/v2\/media\/2581"}],"wp:attachment":[{"href":"https:\/\/europe.dlasint.com\/fi\/wp-json\/wp\/v2\/media?parent=2315"}],"wp:term":[{"taxonomy":"product_brand","embeddable":true,"href":"https:\/\/europe.dlasint.com\/fi\/wp-json\/wp\/v2\/product_brand?post=2315"},{"taxonomy":"product_cat","embeddable":true,"href":"https:\/\/europe.dlasint.com\/fi\/wp-json\/wp\/v2\/product_cat?post=2315"},{"taxonomy":"product_tag","embeddable":true,"href":"https:\/\/europe.dlasint.com\/fi\/wp-json\/wp\/v2\/product_tag?post=2315"}],"curies":[{"name":"wp","href":"https:\/\/api.w.org\/{rel}","templated":true}]}}