







{"id":2293,"date":"2022-01-27T08:07:09","date_gmt":"2022-01-27T08:07:09","guid":{"rendered":"https:\/\/dlaseuro.wpengine.com\/product\/wild-orchid-body-lotion\/"},"modified":"2023-04-01T04:52:57","modified_gmt":"2023-04-01T04:52:57","slug":"wild-orchid-body-lotion","status":"publish","type":"product","link":"https:\/\/europe.dlasint.com\/fi\/tuote\/wild-orchid-body-lotion\/","title":{"rendered":"Villiorkidea-vartalovoide"},"content":{"rendered":"<p>Ainutlaatuisella, mystisell\u00e4 villiorkideoiden tuoksulla varustettu D&#039;Las Wild Orchid -vartalovoide pit\u00e4\u00e4 ihosi silkkisen pehme\u00e4n\u00e4 ja v\u00e4hent\u00e4\u00e4 ik\u00e4\u00e4ntymisen merkkej\u00e4.<\/p>\n<p>Jojoba\u00f6ljyn, aloe vera -lehtiuutteen, E-vitamiinin, mehil\u00e4isuutteiden ja muiden ihoyst\u00e4v\u00e4llisten ainesosien hyvyys, jotka on sekoitettu koostumukseen, auttavat ravitsemaan ihoasi.<\/p>\n<p>Voiteen rasvaton koostumus ja nopea imeytyminen pit\u00e4v\u00e4t sinut raikkaana koko p\u00e4iv\u00e4n.<\/p>","protected":false},"excerpt":{"rendered":"<p>Hemmottele ihoasi koko p\u00e4iv\u00e4n ja v\u00e4henn\u00e4 ik\u00e4\u00e4ntymisen merkkej\u00e4 D&#039;las Wild Orchid -vartalovoiteella. Sopii kaikille ihotyypeille.<\/p>","protected":false},"featured_media":4303,"comment_status":"open","ping_status":"closed","template":"","meta":{"_acf_changed":false,"footnotes":""},"product_brand":[],"product_cat":[374,193,357],"product_tag":[],"class_list":{"0":"post-2293","1":"product","2":"type-product","3":"status-publish","4":"has-post-thumbnail","6":"product_cat-body-lotion-body","7":"product_cat-wild-orchid-range","8":"product_cat-women","10":"first","11":"instock","12":"shipping-taxable","13":"purchasable","14":"product-type-simple","15":"add-to-wishlist-before_image"},"acf":[],"_links":{"self":[{"href":"https:\/\/europe.dlasint.com\/fi\/wp-json\/wp\/v2\/product\/2293","targetHints":{"allow":["GET"]}}],"collection":[{"href":"https:\/\/europe.dlasint.com\/fi\/wp-json\/wp\/v2\/product"}],"about":[{"href":"https:\/\/europe.dlasint.com\/fi\/wp-json\/wp\/v2\/types\/product"}],"replies":[{"embeddable":true,"href":"https:\/\/europe.dlasint.com\/fi\/wp-json\/wp\/v2\/comments?post=2293"}],"version-history":[{"count":0,"href":"https:\/\/europe.dlasint.com\/fi\/wp-json\/wp\/v2\/product\/2293\/revisions"}],"wp:featuredmedia":[{"embeddable":true,"href":"https:\/\/europe.dlasint.com\/fi\/wp-json\/wp\/v2\/media\/4303"}],"wp:attachment":[{"href":"https:\/\/europe.dlasint.com\/fi\/wp-json\/wp\/v2\/media?parent=2293"}],"wp:term":[{"taxonomy":"product_brand","embeddable":true,"href":"https:\/\/europe.dlasint.com\/fi\/wp-json\/wp\/v2\/product_brand?post=2293"},{"taxonomy":"product_cat","embeddable":true,"href":"https:\/\/europe.dlasint.com\/fi\/wp-json\/wp\/v2\/product_cat?post=2293"},{"taxonomy":"product_tag","embeddable":true,"href":"https:\/\/europe.dlasint.com\/fi\/wp-json\/wp\/v2\/product_tag?post=2293"}],"curies":[{"name":"wp","href":"https:\/\/api.w.org\/{rel}","templated":true}]}}