







{"id":3600,"date":"2022-02-06T08:39:43","date_gmt":"2022-02-06T08:39:43","guid":{"rendered":"https:\/\/dlaseuro.wpengine.com\/?post_type=product&#038;p=3600"},"modified":"2023-04-01T05:20:16","modified_gmt":"2023-04-01T05:20:16","slug":"wild-rose-handmade-soap","status":"publish","type":"product","link":"https:\/\/europe.dlasint.com\/et\/toode\/wild-rose-handmade-soap\/","title":{"rendered":"Wild Rose K\u00e4sitsi valmistatud seep"},"content":{"rendered":"<p>D&#039;Las Wild Rose K\u00e4sitsi valmistatud seep sobib \u00f5rnale nahat\u00fc\u00fcbile.<\/p>\n<p>Kookos\u00f5li, kastoor\u00f5li, p\u00e4evalilleseemne\u00f5li ja nahas\u00f5bralike koostisosadega rikastatud see puhastab \u00f5rnalt teie \u00f5rna naha, pakkudes nahale \u00fcldist kaitset.<\/p>\n<p>Need looduslikud koostisosad aitavad teie nahka puhastada, eemaldades surnud naharakud ja aitavad s\u00e4ilitada terve ja elava jume.<\/p>\n<p>See s\u00e4rtsakas lillel\u00f5hnaline Wild Rose k\u00e4sit\u00f6\u00f6na valminud seep ei ole lihtsalt seep, see on iluhooldus!<\/p>","protected":false},"excerpt":{"rendered":"<p>Lisage oma \u00f5rnale nahale veidi s\u00e4ra ja s\u00e4ra koos taevalike metsikute roosidega.<\/p>","protected":false},"featured_media":3601,"comment_status":"open","ping_status":"closed","template":"","meta":{"_acf_changed":false,"footnotes":""},"product_brand":[],"product_cat":[381,195,357],"product_tag":[],"class_list":{"0":"post-3600","1":"product","2":"type-product","3":"status-publish","4":"has-post-thumbnail","6":"product_cat-handmade-soap-body","7":"product_cat-wild-rose-range","8":"product_cat-women","10":"first","11":"instock","12":"shipping-taxable","13":"purchasable","14":"product-type-simple","15":"add-to-wishlist-before_image"},"acf":[],"_links":{"self":[{"href":"https:\/\/europe.dlasint.com\/et\/wp-json\/wp\/v2\/product\/3600","targetHints":{"allow":["GET"]}}],"collection":[{"href":"https:\/\/europe.dlasint.com\/et\/wp-json\/wp\/v2\/product"}],"about":[{"href":"https:\/\/europe.dlasint.com\/et\/wp-json\/wp\/v2\/types\/product"}],"replies":[{"embeddable":true,"href":"https:\/\/europe.dlasint.com\/et\/wp-json\/wp\/v2\/comments?post=3600"}],"version-history":[{"count":0,"href":"https:\/\/europe.dlasint.com\/et\/wp-json\/wp\/v2\/product\/3600\/revisions"}],"wp:featuredmedia":[{"embeddable":true,"href":"https:\/\/europe.dlasint.com\/et\/wp-json\/wp\/v2\/media\/3601"}],"wp:attachment":[{"href":"https:\/\/europe.dlasint.com\/et\/wp-json\/wp\/v2\/media?parent=3600"}],"wp:term":[{"taxonomy":"product_brand","embeddable":true,"href":"https:\/\/europe.dlasint.com\/et\/wp-json\/wp\/v2\/product_brand?post=3600"},{"taxonomy":"product_cat","embeddable":true,"href":"https:\/\/europe.dlasint.com\/et\/wp-json\/wp\/v2\/product_cat?post=3600"},{"taxonomy":"product_tag","embeddable":true,"href":"https:\/\/europe.dlasint.com\/et\/wp-json\/wp\/v2\/product_tag?post=3600"}],"curies":[{"name":"wp","href":"https:\/\/api.w.org\/{rel}","templated":true}]}}