







{"id":2419,"date":"2022-01-27T08:07:27","date_gmt":"2022-01-27T08:07:27","guid":{"rendered":"https:\/\/dlaseuro.wpengine.com\/product\/watermelon-lip-balm\/"},"modified":"2023-04-01T05:10:27","modified_gmt":"2023-04-01T05:10:27","slug":"watermelon-lip-balm","status":"publish","type":"product","link":"https:\/\/europe.dlasint.com\/et\/toode\/watermelon-lip-balm\/","title":{"rendered":"Arbuusi huulepalsam"},"content":{"rendered":"<p>D&#039;Lasi arbuusi huulepalsam kustutab teie kuivade kahjustatud huulte janu t\u00e4nu oma rikkalikele niisutavatele ja toitvatele omadustele. Samuti aitab see kaitsta huuli deh\u00fcdratsiooni eest ja annab neile sametise l\u00e4ike.<\/p>\n<p>See v\u00f5ine valem annab teie huultele magusa maiuse, hoides need pehmed kogu p\u00e4eva.<\/p>","protected":false},"excerpt":{"rendered":"<p>Kinnitage oma huuled niiskusega ja hoidke neid magusa puuviljase arbuusi huulepalsamiga terve p\u00e4eva toidetuna.<\/p>","protected":false},"featured_media":3699,"comment_status":"open","ping_status":"closed","template":"","meta":{"_acf_changed":false,"footnotes":""},"product_brand":[],"product_cat":[226,372,357],"product_tag":[],"class_list":{"0":"post-2419","1":"product","2":"type-product","3":"status-publish","4":"has-post-thumbnail","6":"product_cat-lip-care","7":"product_cat-lip-care-face","8":"product_cat-women","10":"first","11":"instock","12":"shipping-taxable","13":"purchasable","14":"product-type-simple","15":"add-to-wishlist-before_image"},"acf":[],"_links":{"self":[{"href":"https:\/\/europe.dlasint.com\/et\/wp-json\/wp\/v2\/product\/2419","targetHints":{"allow":["GET"]}}],"collection":[{"href":"https:\/\/europe.dlasint.com\/et\/wp-json\/wp\/v2\/product"}],"about":[{"href":"https:\/\/europe.dlasint.com\/et\/wp-json\/wp\/v2\/types\/product"}],"replies":[{"embeddable":true,"href":"https:\/\/europe.dlasint.com\/et\/wp-json\/wp\/v2\/comments?post=2419"}],"version-history":[{"count":0,"href":"https:\/\/europe.dlasint.com\/et\/wp-json\/wp\/v2\/product\/2419\/revisions"}],"wp:featuredmedia":[{"embeddable":true,"href":"https:\/\/europe.dlasint.com\/et\/wp-json\/wp\/v2\/media\/3699"}],"wp:attachment":[{"href":"https:\/\/europe.dlasint.com\/et\/wp-json\/wp\/v2\/media?parent=2419"}],"wp:term":[{"taxonomy":"product_brand","embeddable":true,"href":"https:\/\/europe.dlasint.com\/et\/wp-json\/wp\/v2\/product_brand?post=2419"},{"taxonomy":"product_cat","embeddable":true,"href":"https:\/\/europe.dlasint.com\/et\/wp-json\/wp\/v2\/product_cat?post=2419"},{"taxonomy":"product_tag","embeddable":true,"href":"https:\/\/europe.dlasint.com\/et\/wp-json\/wp\/v2\/product_tag?post=2419"}],"curies":[{"name":"wp","href":"https:\/\/api.w.org\/{rel}","templated":true}]}}