







{"id":2395,"date":"2022-01-27T08:07:24","date_gmt":"2022-01-27T08:07:24","guid":{"rendered":"https:\/\/dlaseuro.wpengine.com\/product\/relaxing-balm\/"},"modified":"2023-04-01T05:04:33","modified_gmt":"2023-04-01T05:04:33","slug":"relaxing-balm","status":"publish","type":"product","link":"https:\/\/europe.dlasint.com\/et\/toode\/relaxing-balm\/","title":{"rendered":"L\u00f5\u00f5gastav palsam"},"content":{"rendered":"<p>Mitte\u00f5line, kiiresti imenduv koostis, mida saab kasutada liikvel olles v\u00f5i alati, kui seda vajate.<\/p>\n<p>Rikastatud 100% looduslike lavendli-, sandlipuu- ja neitsikookos\u00f5lidega koos mesilasvahaga, aitab see v\u00f5imas segu rahustava aroomiga leevendada keha ja meelt, v\u00e4hendades \u00e4revust, stressi, rahutust ja nahap\u00f5letikke.<\/p>\n<p>Seda saab kasutada iga p\u00e4ev ja see on teie kotis kohustuslik.<\/p>","protected":false},"excerpt":{"rendered":"<p>Hoidke oma stress eemal selle lavendli ja sandlipuuga rikastatud 100% loodusliku segu l\u00f5\u00f5gastavate ja terapeutiliste eelistega.<\/p>","protected":false},"featured_media":2827,"comment_status":"open","ping_status":"closed","template":"","meta":{"_acf_changed":false,"footnotes":""},"product_brand":[],"product_cat":[412,217,357],"product_tag":[],"class_list":{"0":"post-2395","1":"product","2":"type-product","3":"status-publish","4":"has-post-thumbnail","6":"product_cat-aromatherapy-balms","7":"product_cat-relaxing-range","8":"product_cat-women","10":"first","11":"instock","12":"shipping-taxable","13":"purchasable","14":"product-type-simple","15":"add-to-wishlist-before_image"},"acf":[],"_links":{"self":[{"href":"https:\/\/europe.dlasint.com\/et\/wp-json\/wp\/v2\/product\/2395","targetHints":{"allow":["GET"]}}],"collection":[{"href":"https:\/\/europe.dlasint.com\/et\/wp-json\/wp\/v2\/product"}],"about":[{"href":"https:\/\/europe.dlasint.com\/et\/wp-json\/wp\/v2\/types\/product"}],"replies":[{"embeddable":true,"href":"https:\/\/europe.dlasint.com\/et\/wp-json\/wp\/v2\/comments?post=2395"}],"version-history":[{"count":0,"href":"https:\/\/europe.dlasint.com\/et\/wp-json\/wp\/v2\/product\/2395\/revisions"}],"wp:featuredmedia":[{"embeddable":true,"href":"https:\/\/europe.dlasint.com\/et\/wp-json\/wp\/v2\/media\/2827"}],"wp:attachment":[{"href":"https:\/\/europe.dlasint.com\/et\/wp-json\/wp\/v2\/media?parent=2395"}],"wp:term":[{"taxonomy":"product_brand","embeddable":true,"href":"https:\/\/europe.dlasint.com\/et\/wp-json\/wp\/v2\/product_brand?post=2395"},{"taxonomy":"product_cat","embeddable":true,"href":"https:\/\/europe.dlasint.com\/et\/wp-json\/wp\/v2\/product_cat?post=2395"},{"taxonomy":"product_tag","embeddable":true,"href":"https:\/\/europe.dlasint.com\/et\/wp-json\/wp\/v2\/product_tag?post=2395"}],"curies":[{"name":"wp","href":"https:\/\/api.w.org\/{rel}","templated":true}]}}