







{"id":2330,"date":"2022-01-27T08:07:14","date_gmt":"2022-01-27T08:07:14","guid":{"rendered":"https:\/\/dlaseuro.wpengine.com\/product\/golden-honey-handmade-soap\/"},"modified":"2023-04-01T05:21:07","modified_gmt":"2023-04-01T05:21:07","slug":"golden-honey-handmade-soap","status":"publish","type":"product","link":"https:\/\/europe.dlasint.com\/et\/toode\/golden-honey-handmade-soap\/","title":{"rendered":"Kuldne mee k\u00e4sitsi valmistatud seep"},"content":{"rendered":"<p>D&#8217;Las Golden Honey Handmade soap is suitable for all skin types.<\/p>\n<p>Kookos\u00f5li, kastoor\u00f5li, p\u00e4evalilleseemne\u00f5li ja nahas\u00f5bralike koostisosadega rikastatud see puhastab \u00f5rnalt teie \u00f5rna naha, pakkudes nahale \u00fcldist kaitset.<\/p>\n<p>These natural ingredients help purify your skin by getting rid of dead skin cells while leaving your skin with dewy touch as it does not rip off the extra moisture layer.<\/p>\n<p>Add a little twist to your everyday wash with the sweetest warm sensation!<\/p>","protected":false},"excerpt":{"rendered":"<p>Leave your skin dewy and supple with a lather of sweet gooey Golden Honey!<\/p>","protected":false},"featured_media":2524,"comment_status":"open","ping_status":"closed","template":"","meta":{"_acf_changed":false,"footnotes":""},"product_brand":[],"product_cat":[200,381,357],"product_tag":[],"class_list":{"0":"post-2330","1":"product","2":"type-product","3":"status-publish","4":"has-post-thumbnail","6":"product_cat-golden-honey-range","7":"product_cat-handmade-soap-body","8":"product_cat-women","10":"first","11":"instock","12":"shipping-taxable","13":"purchasable","14":"product-type-simple","15":"add-to-wishlist-before_image"},"acf":[],"_links":{"self":[{"href":"https:\/\/europe.dlasint.com\/et\/wp-json\/wp\/v2\/product\/2330","targetHints":{"allow":["GET"]}}],"collection":[{"href":"https:\/\/europe.dlasint.com\/et\/wp-json\/wp\/v2\/product"}],"about":[{"href":"https:\/\/europe.dlasint.com\/et\/wp-json\/wp\/v2\/types\/product"}],"replies":[{"embeddable":true,"href":"https:\/\/europe.dlasint.com\/et\/wp-json\/wp\/v2\/comments?post=2330"}],"version-history":[{"count":0,"href":"https:\/\/europe.dlasint.com\/et\/wp-json\/wp\/v2\/product\/2330\/revisions"}],"wp:featuredmedia":[{"embeddable":true,"href":"https:\/\/europe.dlasint.com\/et\/wp-json\/wp\/v2\/media\/2524"}],"wp:attachment":[{"href":"https:\/\/europe.dlasint.com\/et\/wp-json\/wp\/v2\/media?parent=2330"}],"wp:term":[{"taxonomy":"product_brand","embeddable":true,"href":"https:\/\/europe.dlasint.com\/et\/wp-json\/wp\/v2\/product_brand?post=2330"},{"taxonomy":"product_cat","embeddable":true,"href":"https:\/\/europe.dlasint.com\/et\/wp-json\/wp\/v2\/product_cat?post=2330"},{"taxonomy":"product_tag","embeddable":true,"href":"https:\/\/europe.dlasint.com\/et\/wp-json\/wp\/v2\/product_tag?post=2330"}],"curies":[{"name":"wp","href":"https:\/\/api.w.org\/{rel}","templated":true}]}}