







{"id":2326,"date":"2022-01-27T08:07:14","date_gmt":"2022-01-27T08:07:14","guid":{"rendered":"https:\/\/dlaseuro.wpengine.com\/product\/golden-honey-body-lotion\/"},"modified":"2023-04-01T04:48:49","modified_gmt":"2023-04-01T04:48:49","slug":"golden-honey-body-lotion","status":"publish","type":"product","link":"https:\/\/europe.dlasint.com\/et\/toode\/golden-honey-body-lotion\/","title":{"rendered":"Golden Honey kehakreem"},"content":{"rendered":"<p>D&#039;Las Golden Honey kehakreem, mis on rikastatud jojoba\u00f5li, aaloe vera, E-vitamiini atsetaadi, mesilasmee ja teiste nahas\u00f5bralike koostisosadega, toidab teie nahka.<\/p>\n<p>Lihtsalt pealekantav ja kauap\u00fcsiv soe meel\u00f5hn pakub spaa-sarnast hooldust ning kreemjas koostis pakub s\u00fcgavniisutust, j\u00e4ttes naha pehmeks ja niisutatuks.<\/p>\n<p>Kreemi rasvavaba tekstuur ja kiire imendumine hoiavad naha niisutatuna kogu p\u00e4eva.<\/p>","protected":false},"excerpt":{"rendered":"<p>Natuke maagiat kleepuvast kuldsest meest, et niiskust s\u00e4ilitada ja saavutada imeline, kreemjas nahk.<\/p>","protected":false},"featured_media":4294,"comment_status":"open","ping_status":"closed","template":"","meta":{"_acf_changed":false,"footnotes":""},"product_brand":[],"product_cat":[374,200,357],"product_tag":[],"class_list":{"0":"post-2326","1":"product","2":"type-product","3":"status-publish","4":"has-post-thumbnail","6":"product_cat-body-lotion-body","7":"product_cat-golden-honey-range","8":"product_cat-women","10":"first","11":"instock","12":"shipping-taxable","13":"purchasable","14":"product-type-simple","15":"add-to-wishlist-before_image"},"acf":[],"_links":{"self":[{"href":"https:\/\/europe.dlasint.com\/et\/wp-json\/wp\/v2\/product\/2326","targetHints":{"allow":["GET"]}}],"collection":[{"href":"https:\/\/europe.dlasint.com\/et\/wp-json\/wp\/v2\/product"}],"about":[{"href":"https:\/\/europe.dlasint.com\/et\/wp-json\/wp\/v2\/types\/product"}],"replies":[{"embeddable":true,"href":"https:\/\/europe.dlasint.com\/et\/wp-json\/wp\/v2\/comments?post=2326"}],"version-history":[{"count":0,"href":"https:\/\/europe.dlasint.com\/et\/wp-json\/wp\/v2\/product\/2326\/revisions"}],"wp:featuredmedia":[{"embeddable":true,"href":"https:\/\/europe.dlasint.com\/et\/wp-json\/wp\/v2\/media\/4294"}],"wp:attachment":[{"href":"https:\/\/europe.dlasint.com\/et\/wp-json\/wp\/v2\/media?parent=2326"}],"wp:term":[{"taxonomy":"product_brand","embeddable":true,"href":"https:\/\/europe.dlasint.com\/et\/wp-json\/wp\/v2\/product_brand?post=2326"},{"taxonomy":"product_cat","embeddable":true,"href":"https:\/\/europe.dlasint.com\/et\/wp-json\/wp\/v2\/product_cat?post=2326"},{"taxonomy":"product_tag","embeddable":true,"href":"https:\/\/europe.dlasint.com\/et\/wp-json\/wp\/v2\/product_tag?post=2326"}],"curies":[{"name":"wp","href":"https:\/\/api.w.org\/{rel}","templated":true}]}}