







{"id":2305,"date":"2022-01-27T08:07:10","date_gmt":"2022-01-27T08:07:10","guid":{"rendered":"https:\/\/dlaseuro.wpengine.com\/product\/wild-rose-shower-gel\/"},"modified":"2024-03-12T01:38:01","modified_gmt":"2024-03-12T01:38:01","slug":"wild-rose-shower-gel","status":"publish","type":"product","link":"https:\/\/europe.dlasint.com\/et\/toode\/wild-rose-shower-gel\/","title":{"rendered":"Wild Rose du\u0161igeel"},"content":{"rendered":"<p>Andke endale lillede du\u0161\u0161.<\/p>\n<p>Aloe Vera ekstraktid rikastavad nahka s\u00fcgavniisutava ja stimuleeriva kollageeniga ning v\u00e4hendavad nahas elastiini s\u00fcnteesi ajal tumedaid laike.<\/p>\n<p>Loodusliku roosi du\u0161igeeli magus lillel\u00f5hn taaselustab ja rahustab teie \u00f5rna nahka, lohutab teid, hoides samal ajal energiat.<\/p>\n<p>See mahe ja \u00f5rn koostis sobib k\u00f5ikidele nahat\u00fc\u00fcpidele. Hoia end v\u00e4rskena terve p\u00e4eva!<\/p>","protected":false},"excerpt":{"rendered":"<p>Suplege luksuses koos Angelic Wild Roses&#039;iga. Puhastage ja rahustage nahka, j\u00e4\u00e4des samal ajal energiaks ja toidetuks kogu p\u00e4evaks!<\/p>","protected":false},"featured_media":2607,"comment_status":"open","ping_status":"closed","template":"","meta":{"_acf_changed":false,"footnotes":""},"product_brand":[],"product_cat":[383,195,357],"product_tag":[],"class_list":{"0":"post-2305","1":"product","2":"type-product","3":"status-publish","4":"has-post-thumbnail","6":"product_cat-shower-gel-body","7":"product_cat-wild-rose-range","8":"product_cat-women","10":"first","11":"instock","12":"featured","13":"shipping-taxable","14":"purchasable","15":"product-type-simple","16":"add-to-wishlist-before_image"},"acf":[],"_links":{"self":[{"href":"https:\/\/europe.dlasint.com\/et\/wp-json\/wp\/v2\/product\/2305","targetHints":{"allow":["GET"]}}],"collection":[{"href":"https:\/\/europe.dlasint.com\/et\/wp-json\/wp\/v2\/product"}],"about":[{"href":"https:\/\/europe.dlasint.com\/et\/wp-json\/wp\/v2\/types\/product"}],"replies":[{"embeddable":true,"href":"https:\/\/europe.dlasint.com\/et\/wp-json\/wp\/v2\/comments?post=2305"}],"version-history":[{"count":0,"href":"https:\/\/europe.dlasint.com\/et\/wp-json\/wp\/v2\/product\/2305\/revisions"}],"wp:featuredmedia":[{"embeddable":true,"href":"https:\/\/europe.dlasint.com\/et\/wp-json\/wp\/v2\/media\/2607"}],"wp:attachment":[{"href":"https:\/\/europe.dlasint.com\/et\/wp-json\/wp\/v2\/media?parent=2305"}],"wp:term":[{"taxonomy":"product_brand","embeddable":true,"href":"https:\/\/europe.dlasint.com\/et\/wp-json\/wp\/v2\/product_brand?post=2305"},{"taxonomy":"product_cat","embeddable":true,"href":"https:\/\/europe.dlasint.com\/et\/wp-json\/wp\/v2\/product_cat?post=2305"},{"taxonomy":"product_tag","embeddable":true,"href":"https:\/\/europe.dlasint.com\/et\/wp-json\/wp\/v2\/product_tag?post=2305"}],"curies":[{"name":"wp","href":"https:\/\/api.w.org\/{rel}","templated":true}]}}