







{"id":2295,"date":"2022-01-27T08:07:09","date_gmt":"2022-01-27T08:07:09","guid":{"rendered":"https:\/\/dlaseuro.wpengine.com\/product\/wild-orchid-shampoo\/"},"modified":"2023-04-01T05:01:09","modified_gmt":"2023-04-01T05:01:09","slug":"wild-orchid-shampoo","status":"publish","type":"product","link":"https:\/\/europe.dlasint.com\/et\/toode\/wild-orchid-shampoo\/","title":{"rendered":"Metsiku orhidee \u0161ampoon"},"content":{"rendered":"<p>D&#039;Las Wild Orchid \u0161ampoon sobib k\u00f5ikidele juukset\u00fc\u00fcpidele.<\/p>\n<p>Aloe vera, provitamiin B5 ja teiste \u00f5rnade pindaktiivsete ainetega rikastatud siidine koostis puhastab juukseid \u00f5rnalt, annab l\u00e4iget ja kohevust, hoides need samal ajal kahuvabana.<\/p>\n<p>Metsikute orhideede ainulaadne ja m\u00fcstiline aroom v\u00e4rskendab ja annab sulle koheselt energiat.<\/p>","protected":false},"excerpt":{"rendered":"<p>Elusta oma juukseid m\u00fcstiliste metsikute orhideede maagilise puudutusega. Hoia oma juuksed kohevate ja l\u00e4ikivatena kogu p\u00e4eva!<\/p>","protected":false},"featured_media":2653,"comment_status":"open","ping_status":"closed","template":"","meta":{"_acf_changed":false,"footnotes":""},"product_brand":[],"product_cat":[385,193,357],"product_tag":[],"class_list":{"0":"post-2295","1":"product","2":"type-product","3":"status-publish","4":"has-post-thumbnail","6":"product_cat-shampoo-hair","7":"product_cat-wild-orchid-range","8":"product_cat-women","10":"first","11":"instock","12":"shipping-taxable","13":"purchasable","14":"product-type-simple","15":"add-to-wishlist-before_image"},"acf":[],"_links":{"self":[{"href":"https:\/\/europe.dlasint.com\/et\/wp-json\/wp\/v2\/product\/2295","targetHints":{"allow":["GET"]}}],"collection":[{"href":"https:\/\/europe.dlasint.com\/et\/wp-json\/wp\/v2\/product"}],"about":[{"href":"https:\/\/europe.dlasint.com\/et\/wp-json\/wp\/v2\/types\/product"}],"replies":[{"embeddable":true,"href":"https:\/\/europe.dlasint.com\/et\/wp-json\/wp\/v2\/comments?post=2295"}],"version-history":[{"count":0,"href":"https:\/\/europe.dlasint.com\/et\/wp-json\/wp\/v2\/product\/2295\/revisions"}],"wp:featuredmedia":[{"embeddable":true,"href":"https:\/\/europe.dlasint.com\/et\/wp-json\/wp\/v2\/media\/2653"}],"wp:attachment":[{"href":"https:\/\/europe.dlasint.com\/et\/wp-json\/wp\/v2\/media?parent=2295"}],"wp:term":[{"taxonomy":"product_brand","embeddable":true,"href":"https:\/\/europe.dlasint.com\/et\/wp-json\/wp\/v2\/product_brand?post=2295"},{"taxonomy":"product_cat","embeddable":true,"href":"https:\/\/europe.dlasint.com\/et\/wp-json\/wp\/v2\/product_cat?post=2295"},{"taxonomy":"product_tag","embeddable":true,"href":"https:\/\/europe.dlasint.com\/et\/wp-json\/wp\/v2\/product_tag?post=2295"}],"curies":[{"name":"wp","href":"https:\/\/api.w.org\/{rel}","templated":true}]}}