







{"id":2336,"date":"2022-01-27T08:07:15","date_gmt":"2022-01-27T08:07:15","guid":{"rendered":"https:\/\/dlaseuro.wpengine.com\/product\/coconut-milk-golden-honey-body-lotion\/"},"modified":"2023-04-01T04:48:41","modified_gmt":"2023-04-01T04:48:41","slug":"coconut-milk-golden-honey-body-lotion","status":"publish","type":"product","link":"https:\/\/europe.dlasint.com\/es\/producto\/coconut-milk-golden-honey-body-lotion\/","title":{"rendered":"Loci\u00f3n corporal de leche de coco y miel dorada"},"content":{"rendered":"<p>Loci\u00f3n corporal de leche de coco y miel dorada D&#039;Las enriquecida con aceite de jojoba, aloe vera, acetato de vitamina E, miel de abeja y otros ingredientes amigables para la piel para nutrirla.<\/p>\n<p>Esta loci\u00f3n corporal de larga duraci\u00f3n y f\u00e1cil aplicaci\u00f3n proporciona un tratamiento similar a un spa y su f\u00f3rmula rica hidrata tu delicada piel dejando un brillo tropical.<\/p>\n<p>La textura no grasa de la loci\u00f3n y sus propiedades de r\u00e1pida absorci\u00f3n mantienen la piel hidratada todo el d\u00eda.<\/p>","protected":false},"excerpt":{"rendered":"<p>La rica f\u00f3rmula de loci\u00f3n corporal con leche de coco y miel dorada le brinda a tu piel un brillo tropical con hidrataci\u00f3n durante todo el d\u00eda.<\/p>","protected":false},"featured_media":4290,"comment_status":"open","ping_status":"closed","template":"","meta":{"_acf_changed":false,"footnotes":""},"product_brand":[],"product_cat":[374,202,357],"product_tag":[],"class_list":{"0":"post-2336","1":"product","2":"type-product","3":"status-publish","4":"has-post-thumbnail","6":"product_cat-body-lotion-body","7":"product_cat-coconut-milk-golden-honey-range","8":"product_cat-women","10":"first","11":"instock","12":"shipping-taxable","13":"purchasable","14":"product-type-simple","15":"add-to-wishlist-before_image"},"acf":[],"_links":{"self":[{"href":"https:\/\/europe.dlasint.com\/es\/wp-json\/wp\/v2\/product\/2336","targetHints":{"allow":["GET"]}}],"collection":[{"href":"https:\/\/europe.dlasint.com\/es\/wp-json\/wp\/v2\/product"}],"about":[{"href":"https:\/\/europe.dlasint.com\/es\/wp-json\/wp\/v2\/types\/product"}],"replies":[{"embeddable":true,"href":"https:\/\/europe.dlasint.com\/es\/wp-json\/wp\/v2\/comments?post=2336"}],"version-history":[{"count":0,"href":"https:\/\/europe.dlasint.com\/es\/wp-json\/wp\/v2\/product\/2336\/revisions"}],"wp:featuredmedia":[{"embeddable":true,"href":"https:\/\/europe.dlasint.com\/es\/wp-json\/wp\/v2\/media\/4290"}],"wp:attachment":[{"href":"https:\/\/europe.dlasint.com\/es\/wp-json\/wp\/v2\/media?parent=2336"}],"wp:term":[{"taxonomy":"product_brand","embeddable":true,"href":"https:\/\/europe.dlasint.com\/es\/wp-json\/wp\/v2\/product_brand?post=2336"},{"taxonomy":"product_cat","embeddable":true,"href":"https:\/\/europe.dlasint.com\/es\/wp-json\/wp\/v2\/product_cat?post=2336"},{"taxonomy":"product_tag","embeddable":true,"href":"https:\/\/europe.dlasint.com\/es\/wp-json\/wp\/v2\/product_tag?post=2336"}],"curies":[{"name":"wp","href":"https:\/\/api.w.org\/{rel}","templated":true}]}}