







{"id":4109,"date":"2022-02-22T15:20:41","date_gmt":"2022-02-22T15:20:41","guid":{"rendered":"https:\/\/dlaseuro.wpengine.com\/?post_type=product&#038;p=4109"},"modified":"2025-04-13T20:05:35","modified_gmt":"2025-04-13T20:05:35","slug":"4109","status":"publish","type":"product","link":"https:\/\/europe.dlasint.com\/de\/produkt\/4109\/","title":{"rendered":"Fu\u00dfrettungscreme"},"content":{"rendered":"<p>D&#039;Las Foot Rescue Cream wurde entwickelt, um raue, schwielige Fersen zu behandeln und ist f\u00fcr den t\u00e4glichen Gebrauch geeignet.<\/p>\n<p>Diese herrliche Formel ist angereichert mit den tief n\u00e4hrenden, fortschrittlichen feuchtigkeitsspendenden Eigenschaften von Sheabutter, Mangobutter, Oliven\u00f6l und Jojoba\u00f6l, die dazu beitragen, die gestresste Haut Ihrer F\u00fc\u00dfe wiederherzustellen und eine sichtbare Verbesserung zu erzielen.<\/p>","protected":false},"excerpt":{"rendered":"<p>G\u00f6nnen Sie Ihren rauen, rissigen F\u00fc\u00dfen Linderung und Komfort mit der reichhaltigen Mischung aus D&#039;Las Foot Rescue Cream.<\/p>","protected":false},"featured_media":4272,"comment_status":"open","ping_status":"closed","template":"","meta":{"_acf_changed":false,"footnotes":""},"product_brand":[],"product_cat":[342,416,255,357],"product_tag":[],"class_list":{"0":"post-4109","1":"product","2":"type-product","3":"status-publish","4":"has-post-thumbnail","6":"product_cat-foot-cream","7":"product_cat-foot-cream-body","8":"product_cat-new-arrivals","9":"product_cat-women","11":"first","12":"instock","13":"featured","14":"shipping-taxable","15":"purchasable","16":"product-type-simple","17":"add-to-wishlist-before_image"},"acf":[],"_links":{"self":[{"href":"https:\/\/europe.dlasint.com\/de\/wp-json\/wp\/v2\/product\/4109","targetHints":{"allow":["GET"]}}],"collection":[{"href":"https:\/\/europe.dlasint.com\/de\/wp-json\/wp\/v2\/product"}],"about":[{"href":"https:\/\/europe.dlasint.com\/de\/wp-json\/wp\/v2\/types\/product"}],"replies":[{"embeddable":true,"href":"https:\/\/europe.dlasint.com\/de\/wp-json\/wp\/v2\/comments?post=4109"}],"version-history":[{"count":0,"href":"https:\/\/europe.dlasint.com\/de\/wp-json\/wp\/v2\/product\/4109\/revisions"}],"wp:featuredmedia":[{"embeddable":true,"href":"https:\/\/europe.dlasint.com\/de\/wp-json\/wp\/v2\/media\/4272"}],"wp:attachment":[{"href":"https:\/\/europe.dlasint.com\/de\/wp-json\/wp\/v2\/media?parent=4109"}],"wp:term":[{"taxonomy":"product_brand","embeddable":true,"href":"https:\/\/europe.dlasint.com\/de\/wp-json\/wp\/v2\/product_brand?post=4109"},{"taxonomy":"product_cat","embeddable":true,"href":"https:\/\/europe.dlasint.com\/de\/wp-json\/wp\/v2\/product_cat?post=4109"},{"taxonomy":"product_tag","embeddable":true,"href":"https:\/\/europe.dlasint.com\/de\/wp-json\/wp\/v2\/product_tag?post=4109"}],"curies":[{"name":"wp","href":"https:\/\/api.w.org\/{rel}","templated":true}]}}