







{"id":3979,"date":"2022-02-22T09:21:22","date_gmt":"2022-02-22T09:21:22","guid":{"rendered":"https:\/\/dlaseuro.wpengine.com\/?post_type=product&#038;p=3979"},"modified":"2023-04-04T07:54:12","modified_gmt":"2023-04-04T07:54:12","slug":"cardamom-ellitaria-cardamomum","status":"publish","type":"product","link":"https:\/\/europe.dlasint.com\/de\/produkt\/cardamom-ellitaria-cardamomum\/","title":{"rendered":"Kardamom (Ellitaria cardamomum)"},"content":{"rendered":"<p>Es ist ein starkes antimikrobielles \u00e4therisches \u00d6l, das von hellgelber bis br\u00e4unlich-gelber Farbe reicht und ein starkes und w\u00fcrziges Aroma hat.<\/p>\n<p>Der Nettoinhalt betr\u00e4gt 20 ml<\/p>","protected":false},"excerpt":{"rendered":"<p>D&#039;las Kardamom\u00f6l ist 100% nat\u00fcrlich und rein mit einem hochkonzentrierten einzigartigen Aroma von Kardamom.<\/p>","protected":false},"featured_media":3982,"comment_status":"open","ping_status":"closed","template":"","meta":{"_acf_changed":false,"footnotes":""},"product_brand":[],"product_cat":[336],"product_tag":[],"class_list":{"0":"post-3979","1":"product","2":"type-product","3":"status-publish","4":"has-post-thumbnail","6":"product_cat-essential-oils","8":"first","9":"outofstock","10":"shipping-taxable","11":"purchasable","12":"product-type-simple","13":"add-to-wishlist-before_image"},"acf":[],"_links":{"self":[{"href":"https:\/\/europe.dlasint.com\/de\/wp-json\/wp\/v2\/product\/3979","targetHints":{"allow":["GET"]}}],"collection":[{"href":"https:\/\/europe.dlasint.com\/de\/wp-json\/wp\/v2\/product"}],"about":[{"href":"https:\/\/europe.dlasint.com\/de\/wp-json\/wp\/v2\/types\/product"}],"replies":[{"embeddable":true,"href":"https:\/\/europe.dlasint.com\/de\/wp-json\/wp\/v2\/comments?post=3979"}],"version-history":[{"count":0,"href":"https:\/\/europe.dlasint.com\/de\/wp-json\/wp\/v2\/product\/3979\/revisions"}],"wp:featuredmedia":[{"embeddable":true,"href":"https:\/\/europe.dlasint.com\/de\/wp-json\/wp\/v2\/media\/3982"}],"wp:attachment":[{"href":"https:\/\/europe.dlasint.com\/de\/wp-json\/wp\/v2\/media?parent=3979"}],"wp:term":[{"taxonomy":"product_brand","embeddable":true,"href":"https:\/\/europe.dlasint.com\/de\/wp-json\/wp\/v2\/product_brand?post=3979"},{"taxonomy":"product_cat","embeddable":true,"href":"https:\/\/europe.dlasint.com\/de\/wp-json\/wp\/v2\/product_cat?post=3979"},{"taxonomy":"product_tag","embeddable":true,"href":"https:\/\/europe.dlasint.com\/de\/wp-json\/wp\/v2\/product_tag?post=3979"}],"curies":[{"name":"wp","href":"https:\/\/api.w.org\/{rel}","templated":true}]}}