







{"id":3946,"date":"2022-02-22T06:04:31","date_gmt":"2022-02-22T06:04:31","guid":{"rendered":"https:\/\/dlaseuro.wpengine.com\/?post_type=product&#038;p=3946"},"modified":"2023-04-04T07:54:13","modified_gmt":"2023-04-04T07:54:13","slug":"basil-ocimum-basilicum","status":"publish","type":"product","link":"https:\/\/europe.dlasint.com\/de\/produkt\/basil-ocimum-basilicum\/","title":{"rendered":"Basilikum (Ocimum basilicum)"},"content":{"rendered":"<p>Es ist ein blassgelbes \u00d6l mit einer d\u00fcnnen Konsistenz, das nach Zitrusfr\u00fcchten riecht und ein komplexes Aroma mit zugrunde liegenden blumigen und bitteren Eigenschaften besitzt. Es wird am besten in den Morgen- und Tagesstunden verwendet.<\/p>\n<p>Der Nettoinhalt betr\u00e4gt 20 ml<\/p>","protected":false},"excerpt":{"rendered":"<p>D&#039;las Basil Essential Oil ist ein energetisierendes \u00d6l mit antibakteriellen\/antiviralen Eigenschaften und 100% nat\u00fcrlich und rein mit einem hochkonzentrierten einzigartigen Aroma.<\/p>","protected":false},"featured_media":3953,"comment_status":"open","ping_status":"closed","template":"","meta":{"_acf_changed":false,"footnotes":""},"product_brand":[],"product_cat":[336],"product_tag":[],"class_list":{"0":"post-3946","1":"product","2":"type-product","3":"status-publish","4":"has-post-thumbnail","6":"product_cat-essential-oils","8":"first","9":"outofstock","10":"shipping-taxable","11":"product-type-simple","12":"add-to-wishlist-before_image"},"acf":[],"_links":{"self":[{"href":"https:\/\/europe.dlasint.com\/de\/wp-json\/wp\/v2\/product\/3946","targetHints":{"allow":["GET"]}}],"collection":[{"href":"https:\/\/europe.dlasint.com\/de\/wp-json\/wp\/v2\/product"}],"about":[{"href":"https:\/\/europe.dlasint.com\/de\/wp-json\/wp\/v2\/types\/product"}],"replies":[{"embeddable":true,"href":"https:\/\/europe.dlasint.com\/de\/wp-json\/wp\/v2\/comments?post=3946"}],"version-history":[{"count":0,"href":"https:\/\/europe.dlasint.com\/de\/wp-json\/wp\/v2\/product\/3946\/revisions"}],"wp:featuredmedia":[{"embeddable":true,"href":"https:\/\/europe.dlasint.com\/de\/wp-json\/wp\/v2\/media\/3953"}],"wp:attachment":[{"href":"https:\/\/europe.dlasint.com\/de\/wp-json\/wp\/v2\/media?parent=3946"}],"wp:term":[{"taxonomy":"product_brand","embeddable":true,"href":"https:\/\/europe.dlasint.com\/de\/wp-json\/wp\/v2\/product_brand?post=3946"},{"taxonomy":"product_cat","embeddable":true,"href":"https:\/\/europe.dlasint.com\/de\/wp-json\/wp\/v2\/product_cat?post=3946"},{"taxonomy":"product_tag","embeddable":true,"href":"https:\/\/europe.dlasint.com\/de\/wp-json\/wp\/v2\/product_tag?post=3946"}],"curies":[{"name":"wp","href":"https:\/\/api.w.org\/{rel}","templated":true}]}}