







{"id":3559,"date":"2022-02-03T15:31:45","date_gmt":"2022-02-03T15:31:45","guid":{"rendered":"https:\/\/dlaseuro.wpengine.com\/?post_type=product&#038;p=3559"},"modified":"2024-11-01T04:50:35","modified_gmt":"2024-11-01T04:50:35","slug":"jasmine-body-lotion","status":"publish","type":"product","link":"https:\/\/europe.dlasint.com\/de\/produkt\/jasmine-body-lotion\/","title":{"rendered":"Jasmin K\u00f6rperlotion"},"content":{"rendered":"<p>Angereichert mit Jojoba\u00f6l, Aloe Vera, Vitamin E-Acetat, Bienenhonig und einem intensiv blumigen, warmen und dekadenten Hauch von Jasmin, n\u00e4hrt die D&#039;las Jasmine K\u00f6rperlotion Ihre Haut und hinterl\u00e4sst einen schimmernden Glanz.<\/p>\n<p>Die einfach aufzutragende leichte Formel ist f\u00fcr alle Hauttypen geeignet und der langanhaltende Duft ist zu jeder Stunde sch\u00f6n berauschend und sorgt f\u00fcr eine Spa-\u00e4hnliche Behandlung.<\/p>","protected":false},"excerpt":{"rendered":"<p>Verw\u00f6hnen Sie Ihren K\u00f6rper mit dem exotischen, vertr\u00e4umten Jasmin und verleihen Sie Ihrer Haut diesen schimmernden Glanz.<\/p>","protected":false},"featured_media":4295,"comment_status":"open","ping_status":"closed","template":"","meta":{"_acf_changed":false,"footnotes":""},"product_brand":[],"product_cat":[374,194,357],"product_tag":[],"class_list":{"0":"post-3559","1":"product","2":"type-product","3":"status-publish","4":"has-post-thumbnail","6":"product_cat-body-lotion-body","7":"product_cat-jasmine-range","8":"product_cat-women","10":"first","11":"instock","12":"shipping-taxable","13":"purchasable","14":"product-type-simple","15":"add-to-wishlist-before_image"},"acf":[],"_links":{"self":[{"href":"https:\/\/europe.dlasint.com\/de\/wp-json\/wp\/v2\/product\/3559","targetHints":{"allow":["GET"]}}],"collection":[{"href":"https:\/\/europe.dlasint.com\/de\/wp-json\/wp\/v2\/product"}],"about":[{"href":"https:\/\/europe.dlasint.com\/de\/wp-json\/wp\/v2\/types\/product"}],"replies":[{"embeddable":true,"href":"https:\/\/europe.dlasint.com\/de\/wp-json\/wp\/v2\/comments?post=3559"}],"version-history":[{"count":0,"href":"https:\/\/europe.dlasint.com\/de\/wp-json\/wp\/v2\/product\/3559\/revisions"}],"wp:featuredmedia":[{"embeddable":true,"href":"https:\/\/europe.dlasint.com\/de\/wp-json\/wp\/v2\/media\/4295"}],"wp:attachment":[{"href":"https:\/\/europe.dlasint.com\/de\/wp-json\/wp\/v2\/media?parent=3559"}],"wp:term":[{"taxonomy":"product_brand","embeddable":true,"href":"https:\/\/europe.dlasint.com\/de\/wp-json\/wp\/v2\/product_brand?post=3559"},{"taxonomy":"product_cat","embeddable":true,"href":"https:\/\/europe.dlasint.com\/de\/wp-json\/wp\/v2\/product_cat?post=3559"},{"taxonomy":"product_tag","embeddable":true,"href":"https:\/\/europe.dlasint.com\/de\/wp-json\/wp\/v2\/product_tag?post=3559"}],"curies":[{"name":"wp","href":"https:\/\/api.w.org\/{rel}","templated":true}]}}