







{"id":2474,"date":"2022-01-27T08:07:35","date_gmt":"2022-01-27T08:07:35","guid":{"rendered":"https:\/\/dlaseuro.wpengine.com\/product\/rose-incense-sticks-large\/"},"modified":"2024-07-10T14:08:24","modified_gmt":"2024-07-10T14:08:24","slug":"rose-incense-sticks-large","status":"publish","type":"product","link":"https:\/\/europe.dlasint.com\/de\/produkt\/rose-incense-sticks-large\/","title":{"rendered":"Rosen-R\u00e4ucherst\u00e4bchen \u2013 gro\u00df"},"content":{"rendered":"<p>Diese handgefertigte alte Formel aus Rosenbl\u00fcten und anderen nat\u00fcrlichen Inhaltsstoffen hat einen aromatischen Duft und hilft, Ihren Wohnraum friedlich, beruhigt und entspannt zu halten.<\/p>","protected":false},"excerpt":{"rendered":"<p>Der liebliche Duft der zarten Rose bringt einen beruhigenden und entspannenden Moment in Ihren Wohnraum.<\/p>","protected":false},"featured_media":3014,"comment_status":"open","ping_status":"closed","template":"","meta":{"_acf_changed":false,"footnotes":""},"product_brand":[],"product_cat":[230],"product_tag":[],"class_list":{"0":"post-2474","1":"product","2":"type-product","3":"status-publish","4":"has-post-thumbnail","6":"product_cat-incense-sticks","8":"first","9":"instock","10":"shipping-taxable","11":"purchasable","12":"product-type-simple","13":"add-to-wishlist-before_image"},"acf":[],"_links":{"self":[{"href":"https:\/\/europe.dlasint.com\/de\/wp-json\/wp\/v2\/product\/2474","targetHints":{"allow":["GET"]}}],"collection":[{"href":"https:\/\/europe.dlasint.com\/de\/wp-json\/wp\/v2\/product"}],"about":[{"href":"https:\/\/europe.dlasint.com\/de\/wp-json\/wp\/v2\/types\/product"}],"replies":[{"embeddable":true,"href":"https:\/\/europe.dlasint.com\/de\/wp-json\/wp\/v2\/comments?post=2474"}],"version-history":[{"count":0,"href":"https:\/\/europe.dlasint.com\/de\/wp-json\/wp\/v2\/product\/2474\/revisions"}],"wp:featuredmedia":[{"embeddable":true,"href":"https:\/\/europe.dlasint.com\/de\/wp-json\/wp\/v2\/media\/3014"}],"wp:attachment":[{"href":"https:\/\/europe.dlasint.com\/de\/wp-json\/wp\/v2\/media?parent=2474"}],"wp:term":[{"taxonomy":"product_brand","embeddable":true,"href":"https:\/\/europe.dlasint.com\/de\/wp-json\/wp\/v2\/product_brand?post=2474"},{"taxonomy":"product_cat","embeddable":true,"href":"https:\/\/europe.dlasint.com\/de\/wp-json\/wp\/v2\/product_cat?post=2474"},{"taxonomy":"product_tag","embeddable":true,"href":"https:\/\/europe.dlasint.com\/de\/wp-json\/wp\/v2\/product_tag?post=2474"}],"curies":[{"name":"wp","href":"https:\/\/api.w.org\/{rel}","templated":true}]}}