







{"id":2422,"date":"2022-01-27T08:07:28","date_gmt":"2022-01-27T08:07:28","guid":{"rendered":"https:\/\/dlaseuro.wpengine.com\/product\/absolute-hero\/"},"modified":"2024-10-19T19:25:18","modified_gmt":"2024-10-19T19:25:18","slug":"absolute-hero","status":"publish","type":"product","link":"https:\/\/europe.dlasint.com\/de\/produkt\/absolute-hero\/","title":{"rendered":"Absoluter Held"},"content":{"rendered":"<p>Der beliebteste Aspekt des Parf\u00fcms ist die lang anhaltende, kr\u00e4ftige, holzige Note, die eine erdige Note verleiht. F\u00fchlen Sie sich kraftvoll mit dem starken, maskulinen Ambiente von Absolute Hero, das mehr als 8 Stunden anh\u00e4lt.<\/p>","protected":false},"excerpt":{"rendered":"<p>Absolute Hero gibt Ihnen das Gef\u00fchl, heldenhaft zu sein, indem es den Helden in Ihnen wiedererweckt.<\/p>","protected":false},"featured_media":2964,"comment_status":"open","ping_status":"closed","template":"","meta":{"_acf_changed":false,"footnotes":""},"product_brand":[],"product_cat":[228,358],"product_tag":[],"class_list":{"0":"post-2422","1":"product","2":"type-product","3":"status-publish","4":"has-post-thumbnail","6":"product_cat-masculine","7":"product_cat-men","9":"first","10":"outofstock","11":"shipping-taxable","12":"purchasable","13":"product-type-simple","14":"add-to-wishlist-before_image"},"acf":[],"_links":{"self":[{"href":"https:\/\/europe.dlasint.com\/de\/wp-json\/wp\/v2\/product\/2422","targetHints":{"allow":["GET"]}}],"collection":[{"href":"https:\/\/europe.dlasint.com\/de\/wp-json\/wp\/v2\/product"}],"about":[{"href":"https:\/\/europe.dlasint.com\/de\/wp-json\/wp\/v2\/types\/product"}],"replies":[{"embeddable":true,"href":"https:\/\/europe.dlasint.com\/de\/wp-json\/wp\/v2\/comments?post=2422"}],"version-history":[{"count":0,"href":"https:\/\/europe.dlasint.com\/de\/wp-json\/wp\/v2\/product\/2422\/revisions"}],"wp:featuredmedia":[{"embeddable":true,"href":"https:\/\/europe.dlasint.com\/de\/wp-json\/wp\/v2\/media\/2964"}],"wp:attachment":[{"href":"https:\/\/europe.dlasint.com\/de\/wp-json\/wp\/v2\/media?parent=2422"}],"wp:term":[{"taxonomy":"product_brand","embeddable":true,"href":"https:\/\/europe.dlasint.com\/de\/wp-json\/wp\/v2\/product_brand?post=2422"},{"taxonomy":"product_cat","embeddable":true,"href":"https:\/\/europe.dlasint.com\/de\/wp-json\/wp\/v2\/product_cat?post=2422"},{"taxonomy":"product_tag","embeddable":true,"href":"https:\/\/europe.dlasint.com\/de\/wp-json\/wp\/v2\/product_tag?post=2422"}],"curies":[{"name":"wp","href":"https:\/\/api.w.org\/{rel}","templated":true}]}}