







{"id":2421,"date":"2022-01-27T08:07:27","date_gmt":"2022-01-27T08:07:27","guid":{"rendered":"https:\/\/dlaseuro.wpengine.com\/product\/skin-clearing-tea-tree-oil-skin-toner\/"},"modified":"2023-04-01T05:36:45","modified_gmt":"2023-04-01T05:36:45","slug":"skin-clearing-tea-tree-oil-skin-toner","status":"publish","type":"product","link":"https:\/\/europe.dlasint.com\/de\/produkt\/skin-clearing-tea-tree-oil-skin-toner\/","title":{"rendered":"Hautreinigung \u2013 Hauttoner"},"content":{"rendered":"<p>D&#039;Las Skin Clearing Toner ist angereichert mit nat\u00fcrlichen Teebaum-, Lavendel- und Sandelholz\u00f6len, die helfen, fettige Haut auszugleichen, indem sie fettige Bereiche weniger sichtbar machen und die Hautoberfl\u00e4che glatt und mit Feuchtigkeit versorgen.<\/p>\n<p>Diese Formel ist f\u00fcr den t\u00e4glichen Gebrauch geeignet und ein wesentlicher Schritt in jeder Hautpflegeroutine, um Ihre Haut nach der Reinigung zu erneuern.<\/p>","protected":false},"excerpt":{"rendered":"<p>F\u00fcr fettige Hauttypen. Hilft, die Poren zu reinigen und die \u00d6lproduktion zu kontrollieren, was zu einer frischeren, klareren Haut f\u00fchrt.<\/p>","protected":false},"featured_media":3689,"comment_status":"open","ping_status":"closed","template":"","meta":{"_acf_changed":false,"footnotes":""},"product_brand":[],"product_cat":[369,224,357],"product_tag":[],"class_list":{"0":"post-2421","1":"product","2":"type-product","3":"status-publish","4":"has-post-thumbnail","6":"product_cat-toners-face","7":"product_cat-toners","8":"product_cat-women","10":"first","11":"instock","12":"shipping-taxable","13":"purchasable","14":"product-type-simple","15":"add-to-wishlist-before_image"},"acf":[],"_links":{"self":[{"href":"https:\/\/europe.dlasint.com\/de\/wp-json\/wp\/v2\/product\/2421","targetHints":{"allow":["GET"]}}],"collection":[{"href":"https:\/\/europe.dlasint.com\/de\/wp-json\/wp\/v2\/product"}],"about":[{"href":"https:\/\/europe.dlasint.com\/de\/wp-json\/wp\/v2\/types\/product"}],"replies":[{"embeddable":true,"href":"https:\/\/europe.dlasint.com\/de\/wp-json\/wp\/v2\/comments?post=2421"}],"version-history":[{"count":0,"href":"https:\/\/europe.dlasint.com\/de\/wp-json\/wp\/v2\/product\/2421\/revisions"}],"wp:featuredmedia":[{"embeddable":true,"href":"https:\/\/europe.dlasint.com\/de\/wp-json\/wp\/v2\/media\/3689"}],"wp:attachment":[{"href":"https:\/\/europe.dlasint.com\/de\/wp-json\/wp\/v2\/media?parent=2421"}],"wp:term":[{"taxonomy":"product_brand","embeddable":true,"href":"https:\/\/europe.dlasint.com\/de\/wp-json\/wp\/v2\/product_brand?post=2421"},{"taxonomy":"product_cat","embeddable":true,"href":"https:\/\/europe.dlasint.com\/de\/wp-json\/wp\/v2\/product_cat?post=2421"},{"taxonomy":"product_tag","embeddable":true,"href":"https:\/\/europe.dlasint.com\/de\/wp-json\/wp\/v2\/product_tag?post=2421"}],"curies":[{"name":"wp","href":"https:\/\/api.w.org\/{rel}","templated":true}]}}