







{"id":2420,"date":"2022-01-27T08:07:27","date_gmt":"2022-01-27T08:07:27","guid":{"rendered":"https:\/\/dlaseuro.wpengine.com\/product\/hydra-refreshing-chamomile-flower-oil-skin-toner\/"},"modified":"2025-05-25T20:46:12","modified_gmt":"2025-05-25T20:46:12","slug":"hydra-refreshing-chamomile-flower-oil-skin-toner","status":"publish","type":"product","link":"https:\/\/europe.dlasint.com\/de\/produkt\/hydra-refreshing-chamomile-flower-oil-skin-toner\/","title":{"rendered":"Hydra Erfrischender Kamillenbl\u00fcten\u00f6l-Hauttoner"},"content":{"rendered":"<p>Der D&#039;Las Hydra Refreshing Toner ist angereichert mit der nat\u00fcrlichen Essenz von Gr\u00fcntee-Blattextrakten, Aloe-Vera-Blattextrakten, Kamillen\u00f6l, Pro-Vitamin B5 und anderen hautfreundlichen Inhaltsstoffen, um jeden Hauttyp zu behandeln und die Heilung zu unterst\u00fctzen.<\/p>\n<p>Sie m\u00fcssen sich keine Sorgen um Ihre Akne oder Irritationen machen, da diese fantastische Formel sicher t\u00e4glich angewendet werden kann und Ihnen eine frische, saubere und beruhigte Haut hinterl\u00e4sst, die Sie brauchen.<\/p>","protected":false},"excerpt":{"rendered":"<p>Diese alltagstaugliche Formel hilft bei der Verj\u00fcngung der Haut und strafft die Poren, w\u00e4hrend sie die Haut n\u00e4hrt, ausbalanciert und strafft.<\/p>","protected":false},"featured_media":3669,"comment_status":"open","ping_status":"closed","template":"","meta":{"_acf_changed":false,"footnotes":""},"product_brand":[],"product_cat":[224,369,357],"product_tag":[],"class_list":{"0":"post-2420","1":"product","2":"type-product","3":"status-publish","4":"has-post-thumbnail","6":"product_cat-toners","7":"product_cat-toners-face","8":"product_cat-women","10":"first","11":"instock","12":"featured","13":"shipping-taxable","14":"purchasable","15":"product-type-simple","16":"add-to-wishlist-before_image"},"acf":[],"_links":{"self":[{"href":"https:\/\/europe.dlasint.com\/de\/wp-json\/wp\/v2\/product\/2420","targetHints":{"allow":["GET"]}}],"collection":[{"href":"https:\/\/europe.dlasint.com\/de\/wp-json\/wp\/v2\/product"}],"about":[{"href":"https:\/\/europe.dlasint.com\/de\/wp-json\/wp\/v2\/types\/product"}],"replies":[{"embeddable":true,"href":"https:\/\/europe.dlasint.com\/de\/wp-json\/wp\/v2\/comments?post=2420"}],"version-history":[{"count":0,"href":"https:\/\/europe.dlasint.com\/de\/wp-json\/wp\/v2\/product\/2420\/revisions"}],"wp:featuredmedia":[{"embeddable":true,"href":"https:\/\/europe.dlasint.com\/de\/wp-json\/wp\/v2\/media\/3669"}],"wp:attachment":[{"href":"https:\/\/europe.dlasint.com\/de\/wp-json\/wp\/v2\/media?parent=2420"}],"wp:term":[{"taxonomy":"product_brand","embeddable":true,"href":"https:\/\/europe.dlasint.com\/de\/wp-json\/wp\/v2\/product_brand?post=2420"},{"taxonomy":"product_cat","embeddable":true,"href":"https:\/\/europe.dlasint.com\/de\/wp-json\/wp\/v2\/product_cat?post=2420"},{"taxonomy":"product_tag","embeddable":true,"href":"https:\/\/europe.dlasint.com\/de\/wp-json\/wp\/v2\/product_tag?post=2420"}],"curies":[{"name":"wp","href":"https:\/\/api.w.org\/{rel}","templated":true}]}}