







{"id":2418,"date":"2022-01-27T08:07:27","date_gmt":"2022-01-27T08:07:27","guid":{"rendered":"https:\/\/dlaseuro.wpengine.com\/product\/strawberry-lip-balm\/"},"modified":"2023-04-01T05:10:21","modified_gmt":"2023-04-01T05:10:21","slug":"strawberry-lip-balm","status":"publish","type":"product","link":"https:\/\/europe.dlasint.com\/de\/produkt\/strawberry-lip-balm\/","title":{"rendered":"Erdbeer-Lippenbalsam"},"content":{"rendered":"<p>D\u2019Las Strawberry Lip Balm quenches the thirst of your dry damaged lips by its rich hydrating and nourishing properties. It also helps to protect the lips from dehydration and gives them a velvety shine.<\/p>\n<p>Diese butterartige Formel verw\u00f6hnt Ihre Lippen mit einem s\u00fc\u00dfen Genuss und h\u00e4lt sie den ganzen Tag weich.<\/p>","protected":false},"excerpt":{"rendered":"<p>Hydrate your lips all day with this fruity strawberry delight that will keep you coming back for more.<\/p>","protected":false},"featured_media":3691,"comment_status":"open","ping_status":"closed","template":"","meta":{"_acf_changed":false,"footnotes":""},"product_brand":[],"product_cat":[226,372,357],"product_tag":[],"class_list":{"0":"post-2418","1":"product","2":"type-product","3":"status-publish","4":"has-post-thumbnail","6":"product_cat-lip-care","7":"product_cat-lip-care-face","8":"product_cat-women","10":"first","11":"instock","12":"shipping-taxable","13":"purchasable","14":"product-type-simple","15":"add-to-wishlist-before_image"},"acf":[],"_links":{"self":[{"href":"https:\/\/europe.dlasint.com\/de\/wp-json\/wp\/v2\/product\/2418","targetHints":{"allow":["GET"]}}],"collection":[{"href":"https:\/\/europe.dlasint.com\/de\/wp-json\/wp\/v2\/product"}],"about":[{"href":"https:\/\/europe.dlasint.com\/de\/wp-json\/wp\/v2\/types\/product"}],"replies":[{"embeddable":true,"href":"https:\/\/europe.dlasint.com\/de\/wp-json\/wp\/v2\/comments?post=2418"}],"version-history":[{"count":0,"href":"https:\/\/europe.dlasint.com\/de\/wp-json\/wp\/v2\/product\/2418\/revisions"}],"wp:featuredmedia":[{"embeddable":true,"href":"https:\/\/europe.dlasint.com\/de\/wp-json\/wp\/v2\/media\/3691"}],"wp:attachment":[{"href":"https:\/\/europe.dlasint.com\/de\/wp-json\/wp\/v2\/media?parent=2418"}],"wp:term":[{"taxonomy":"product_brand","embeddable":true,"href":"https:\/\/europe.dlasint.com\/de\/wp-json\/wp\/v2\/product_brand?post=2418"},{"taxonomy":"product_cat","embeddable":true,"href":"https:\/\/europe.dlasint.com\/de\/wp-json\/wp\/v2\/product_cat?post=2418"},{"taxonomy":"product_tag","embeddable":true,"href":"https:\/\/europe.dlasint.com\/de\/wp-json\/wp\/v2\/product_tag?post=2418"}],"curies":[{"name":"wp","href":"https:\/\/api.w.org\/{rel}","templated":true}]}}