







{"id":2414,"date":"2022-01-27T08:07:27","date_gmt":"2022-01-27T08:07:27","guid":{"rendered":"https:\/\/dlaseuro.wpengine.com\/product\/golden-honey-lip-balm\/"},"modified":"2024-08-09T15:21:33","modified_gmt":"2024-08-09T15:21:33","slug":"golden-honey-lip-balm","status":"publish","type":"product","link":"https:\/\/europe.dlasint.com\/de\/produkt\/golden-honey-lip-balm\/","title":{"rendered":"Lippenbalsam mit goldenem Honig"},"content":{"rendered":"<p>D&#039;Las Golden Honey Lip Balm hilft mit seinen hohen pflegenden Eigenschaften, trockene, rissige Lippen zu erholen. Es hilft auch, die Lippen vor dem Austrocknen zu sch\u00fctzen und verleiht ihnen einen samtigen Glanz.<\/p>\n<p>Diese butterartige Formel verw\u00f6hnt Ihre Lippen mit einem s\u00fc\u00dfen Genuss und h\u00e4lt sie den ganzen Tag weich.<\/p>","protected":false},"excerpt":{"rendered":"<p>Versiegeln Sie Ihre Lippen mit Feuchtigkeit und pflegen Sie sie den ganzen Tag mit D&#039;Las Golden Honey Lip Balm.<\/p>","protected":false},"featured_media":3667,"comment_status":"open","ping_status":"closed","template":"","meta":{"_acf_changed":false,"footnotes":""},"product_brand":[],"product_cat":[226,372,357],"product_tag":[],"class_list":{"0":"post-2414","1":"product","2":"type-product","3":"status-publish","4":"has-post-thumbnail","6":"product_cat-lip-care","7":"product_cat-lip-care-face","8":"product_cat-women","10":"first","11":"instock","12":"shipping-taxable","13":"purchasable","14":"product-type-simple","15":"add-to-wishlist-before_image"},"acf":[],"_links":{"self":[{"href":"https:\/\/europe.dlasint.com\/de\/wp-json\/wp\/v2\/product\/2414","targetHints":{"allow":["GET"]}}],"collection":[{"href":"https:\/\/europe.dlasint.com\/de\/wp-json\/wp\/v2\/product"}],"about":[{"href":"https:\/\/europe.dlasint.com\/de\/wp-json\/wp\/v2\/types\/product"}],"replies":[{"embeddable":true,"href":"https:\/\/europe.dlasint.com\/de\/wp-json\/wp\/v2\/comments?post=2414"}],"version-history":[{"count":0,"href":"https:\/\/europe.dlasint.com\/de\/wp-json\/wp\/v2\/product\/2414\/revisions"}],"wp:featuredmedia":[{"embeddable":true,"href":"https:\/\/europe.dlasint.com\/de\/wp-json\/wp\/v2\/media\/3667"}],"wp:attachment":[{"href":"https:\/\/europe.dlasint.com\/de\/wp-json\/wp\/v2\/media?parent=2414"}],"wp:term":[{"taxonomy":"product_brand","embeddable":true,"href":"https:\/\/europe.dlasint.com\/de\/wp-json\/wp\/v2\/product_brand?post=2414"},{"taxonomy":"product_cat","embeddable":true,"href":"https:\/\/europe.dlasint.com\/de\/wp-json\/wp\/v2\/product_cat?post=2414"},{"taxonomy":"product_tag","embeddable":true,"href":"https:\/\/europe.dlasint.com\/de\/wp-json\/wp\/v2\/product_tag?post=2414"}],"curies":[{"name":"wp","href":"https:\/\/api.w.org\/{rel}","templated":true}]}}