







{"id":2405,"date":"2022-01-27T08:07:25","date_gmt":"2022-01-27T08:07:25","guid":{"rendered":"https:\/\/dlaseuro.wpengine.com\/product\/blue-lotus-night-moisturizer\/"},"modified":"2023-04-01T05:34:18","modified_gmt":"2023-04-01T05:34:18","slug":"blue-lotus-night-moisturizer","status":"publish","type":"product","link":"https:\/\/europe.dlasint.com\/de\/produkt\/blue-lotus-night-moisturizer\/","title":{"rendered":"Blue Lotus Nachtfeuchtigkeitscreme"},"content":{"rendered":"<p>D&#039;Las Blue Lotus Night Moisturizer hilft, die stumpfe und leblose Haut von innen heraus zu verj\u00fcngen und wiederzubeleben. Die einzigartige Mischung aus blauem Lotus, Lavendel und Ylang-Ylang-Bl\u00fcten\u00f6len sowie Zitronenschalen\u00f6l liefert essentielle N\u00e4hrstoffe und l\u00e4sst Ihre Haut morgens taufrisch und strahlend erscheinen.<\/p>\n<p>Diese ultra-feuchtigkeitsspendende, dezent blumig duftende Feuchtigkeitscreme kann t\u00e4glich verwendet werden und ist f\u00fcr alle Hauttypen geeignet. Die nicht fettenden und langanhaltenden Eigenschaften der Feuchtigkeitspflege holen das Beste aus Ihrer Haut heraus.<\/p>","protected":false},"excerpt":{"rendered":"<p>Nat\u00fcrliches blaues Lotus\u00f6l, reich an N\u00e4hrstoffen, ist eine perfekte Hautpflegebehandlung f\u00fcr strahlende, hydratisierte Haut.<\/p>","protected":false},"featured_media":3663,"comment_status":"open","ping_status":"closed","template":"","meta":{"_acf_changed":false,"footnotes":""},"product_brand":[],"product_cat":[222,368,357],"product_tag":[],"class_list":{"0":"post-2405","1":"product","2":"type-product","3":"status-publish","4":"has-post-thumbnail","6":"product_cat-moisturizers","7":"product_cat-moisturizers-face","8":"product_cat-women","10":"first","11":"instock","12":"featured","13":"shipping-taxable","14":"purchasable","15":"product-type-simple","16":"add-to-wishlist-before_image"},"acf":[],"_links":{"self":[{"href":"https:\/\/europe.dlasint.com\/de\/wp-json\/wp\/v2\/product\/2405","targetHints":{"allow":["GET"]}}],"collection":[{"href":"https:\/\/europe.dlasint.com\/de\/wp-json\/wp\/v2\/product"}],"about":[{"href":"https:\/\/europe.dlasint.com\/de\/wp-json\/wp\/v2\/types\/product"}],"replies":[{"embeddable":true,"href":"https:\/\/europe.dlasint.com\/de\/wp-json\/wp\/v2\/comments?post=2405"}],"version-history":[{"count":0,"href":"https:\/\/europe.dlasint.com\/de\/wp-json\/wp\/v2\/product\/2405\/revisions"}],"wp:featuredmedia":[{"embeddable":true,"href":"https:\/\/europe.dlasint.com\/de\/wp-json\/wp\/v2\/media\/3663"}],"wp:attachment":[{"href":"https:\/\/europe.dlasint.com\/de\/wp-json\/wp\/v2\/media?parent=2405"}],"wp:term":[{"taxonomy":"product_brand","embeddable":true,"href":"https:\/\/europe.dlasint.com\/de\/wp-json\/wp\/v2\/product_brand?post=2405"},{"taxonomy":"product_cat","embeddable":true,"href":"https:\/\/europe.dlasint.com\/de\/wp-json\/wp\/v2\/product_cat?post=2405"},{"taxonomy":"product_tag","embeddable":true,"href":"https:\/\/europe.dlasint.com\/de\/wp-json\/wp\/v2\/product_tag?post=2405"}],"curies":[{"name":"wp","href":"https:\/\/api.w.org\/{rel}","templated":true}]}}