







{"id":2403,"date":"2022-01-27T08:07:24","date_gmt":"2022-01-27T08:07:24","guid":{"rendered":"https:\/\/dlaseuro.wpengine.com\/product\/pandan-foaming-facial-cleanser\/"},"modified":"2023-04-01T05:13:13","modified_gmt":"2023-04-01T05:13:13","slug":"pandan-foaming-facial-cleanser","status":"publish","type":"product","link":"https:\/\/europe.dlasint.com\/de\/produkt\/pandan-foaming-facial-cleanser\/","title":{"rendered":"Pandan Sch\u00e4umender Gesichtsreiniger"},"content":{"rendered":"<p>D&#039;Las Pandan- Acne Fighting Foaming Facial Cleanser ist ein sulfatfreier milder Schaumreiniger, der mit Pandan- und Neem-Extrakten angereichert ist.<\/p>\n<p>Sowohl Pandan- als auch Neem-Extrakte haben die F\u00e4higkeit, Akne wirksam zu bek\u00e4mpfen, den \u00d6lhaushalt der Gesichtshaut zu kontrollieren und die Sichtbarkeit der Poren zu reduzieren.<\/p>\n<p>Der cremige Schaum dieser fortschrittlichen Formel sch\u00e4umt schnell und hilft bei der Tiefenreinigung, indem Schmutz und Unreinheiten entfernt werden, ohne dass sich die Haut danach gespannt anf\u00fchlt.<\/p>","protected":false},"excerpt":{"rendered":"<p>Gl\u00e4nzen Sie mit der ersten W\u00e4sche! Pandan- und Neem-Extrakte entfernen \u00fcbersch\u00fcssiges \u00d6l, Schmutz und Unreinheiten und hinterlassen eine saubere, erfrischte Haut.<\/p>","protected":false},"featured_media":3675,"comment_status":"open","ping_status":"closed","template":"","meta":{"_acf_changed":false,"footnotes":""},"product_brand":[],"product_cat":[221,414,357],"product_tag":[],"class_list":{"0":"post-2403","1":"product","2":"type-product","3":"status-publish","4":"has-post-thumbnail","6":"product_cat-foam-cleansers","7":"product_cat-foaming-cleansers","8":"product_cat-women","10":"first","11":"instock","12":"shipping-taxable","13":"purchasable","14":"product-type-simple","15":"add-to-wishlist-before_image"},"acf":[],"_links":{"self":[{"href":"https:\/\/europe.dlasint.com\/de\/wp-json\/wp\/v2\/product\/2403","targetHints":{"allow":["GET"]}}],"collection":[{"href":"https:\/\/europe.dlasint.com\/de\/wp-json\/wp\/v2\/product"}],"about":[{"href":"https:\/\/europe.dlasint.com\/de\/wp-json\/wp\/v2\/types\/product"}],"replies":[{"embeddable":true,"href":"https:\/\/europe.dlasint.com\/de\/wp-json\/wp\/v2\/comments?post=2403"}],"version-history":[{"count":0,"href":"https:\/\/europe.dlasint.com\/de\/wp-json\/wp\/v2\/product\/2403\/revisions"}],"wp:featuredmedia":[{"embeddable":true,"href":"https:\/\/europe.dlasint.com\/de\/wp-json\/wp\/v2\/media\/3675"}],"wp:attachment":[{"href":"https:\/\/europe.dlasint.com\/de\/wp-json\/wp\/v2\/media?parent=2403"}],"wp:term":[{"taxonomy":"product_brand","embeddable":true,"href":"https:\/\/europe.dlasint.com\/de\/wp-json\/wp\/v2\/product_brand?post=2403"},{"taxonomy":"product_cat","embeddable":true,"href":"https:\/\/europe.dlasint.com\/de\/wp-json\/wp\/v2\/product_cat?post=2403"},{"taxonomy":"product_tag","embeddable":true,"href":"https:\/\/europe.dlasint.com\/de\/wp-json\/wp\/v2\/product_tag?post=2403"}],"curies":[{"name":"wp","href":"https:\/\/api.w.org\/{rel}","templated":true}]}}