







{"id":2401,"date":"2022-01-27T08:07:24","date_gmt":"2022-01-27T08:07:24","guid":{"rendered":"https:\/\/dlaseuro.wpengine.com\/product\/nourishing-balm\/"},"modified":"2023-04-01T05:04:53","modified_gmt":"2023-04-01T05:04:53","slug":"nourishing-balm","status":"publish","type":"product","link":"https:\/\/europe.dlasint.com\/de\/produkt\/nourishing-balm\/","title":{"rendered":"Pflegender Balsam"},"content":{"rendered":"<p>Eine nicht fettende, schnell einziehende Formel, die unterwegs oder wann immer Sie sie brauchen, verwendet werden kann.<\/p>\n<p>Angereichert mit 100% nat\u00fcrlichen \u00d6len aus Kardamom, Ingwer, Eukalyptus, Pfefferminze, Zitronengras und jungfr\u00e4ulicher Kokosnuss in Kombination mit Bienenwachs hilft diese wirksame Mischung, Ihren Geist zu beruhigen und f\u00fcr emotionales Gleichgewicht zu sorgen.<\/p>\n<p>Dies kann t\u00e4glich verwendet werden und ist ein Muss in Ihrer Tasche.<\/p>","protected":false},"excerpt":{"rendered":"<p>Angereichert mit belebenden therapeutischen Eigenschaften und vollst\u00e4ndig aus nat\u00fcrlichen \u00d6len hergestellt, um Sie gen\u00e4hrt und revitalisiert zu halten.<\/p>","protected":false},"featured_media":2841,"comment_status":"open","ping_status":"closed","template":"","meta":{"_acf_changed":false,"footnotes":""},"product_brand":[],"product_cat":[412,219,357],"product_tag":[],"class_list":{"0":"post-2401","1":"product","2":"type-product","3":"status-publish","4":"has-post-thumbnail","6":"product_cat-aromatherapy-balms","7":"product_cat-nourishing-range","8":"product_cat-women","10":"first","11":"instock","12":"featured","13":"shipping-taxable","14":"purchasable","15":"product-type-simple","16":"add-to-wishlist-before_image"},"acf":[],"_links":{"self":[{"href":"https:\/\/europe.dlasint.com\/de\/wp-json\/wp\/v2\/product\/2401","targetHints":{"allow":["GET"]}}],"collection":[{"href":"https:\/\/europe.dlasint.com\/de\/wp-json\/wp\/v2\/product"}],"about":[{"href":"https:\/\/europe.dlasint.com\/de\/wp-json\/wp\/v2\/types\/product"}],"replies":[{"embeddable":true,"href":"https:\/\/europe.dlasint.com\/de\/wp-json\/wp\/v2\/comments?post=2401"}],"version-history":[{"count":0,"href":"https:\/\/europe.dlasint.com\/de\/wp-json\/wp\/v2\/product\/2401\/revisions"}],"wp:featuredmedia":[{"embeddable":true,"href":"https:\/\/europe.dlasint.com\/de\/wp-json\/wp\/v2\/media\/2841"}],"wp:attachment":[{"href":"https:\/\/europe.dlasint.com\/de\/wp-json\/wp\/v2\/media?parent=2401"}],"wp:term":[{"taxonomy":"product_brand","embeddable":true,"href":"https:\/\/europe.dlasint.com\/de\/wp-json\/wp\/v2\/product_brand?post=2401"},{"taxonomy":"product_cat","embeddable":true,"href":"https:\/\/europe.dlasint.com\/de\/wp-json\/wp\/v2\/product_cat?post=2401"},{"taxonomy":"product_tag","embeddable":true,"href":"https:\/\/europe.dlasint.com\/de\/wp-json\/wp\/v2\/product_tag?post=2401"}],"curies":[{"name":"wp","href":"https:\/\/api.w.org\/{rel}","templated":true}]}}