







{"id":2390,"date":"2022-01-27T08:07:23","date_gmt":"2022-01-27T08:07:23","guid":{"rendered":"https:\/\/dlaseuro.wpengine.com\/product\/cooling-hydrosol\/"},"modified":"2023-04-01T05:31:07","modified_gmt":"2023-04-01T05:31:07","slug":"cooling-hydrosol","status":"publish","type":"product","link":"https:\/\/europe.dlasint.com\/de\/produkt\/cooling-hydrosol\/","title":{"rendered":"K\u00fchlendes Hydrosol"},"content":{"rendered":"<p>D&#039;las Cooling Hydrosol ist mit authentischen Aromen von Lavendel, Pfefferminze, Vetiver, Zitronengras und Eukalyptus angereichert. Die sofortige K\u00fchlf\u00e4higkeit der Inhaltsstoffe sorgt f\u00fcr beruhigende Linderung und ein langanhaltendes K\u00fchlgef\u00fchl.<\/p>\n<p>Diese erstaunliche Aromatherapie-Behandlung verhilft zu weicher und geschmeidiger Haut. Dies kann als Gesichtsnebel\/Toner, K\u00f6rpernebel, Hauttonikum, Lufterfrischer oder als W\u00e4schespray verwendet werden.<\/p>","protected":false},"excerpt":{"rendered":"<p>F\u00fchlen Sie sich besser und bauen Sie Stress ab mit diesem k\u00fchlenden, beruhigenden aromatischen Hydrolat. Verbessern Sie Ihre geistige Gesundheit t\u00e4glich.<\/p>","protected":false},"featured_media":2858,"comment_status":"open","ping_status":"closed","template":"","meta":{"_acf_changed":false,"footnotes":""},"product_brand":[],"product_cat":[215,380,357],"product_tag":[],"class_list":{"0":"post-2390","1":"product","2":"type-product","3":"status-publish","4":"has-post-thumbnail","6":"product_cat-cooling-range","7":"product_cat-hydrosol-body","8":"product_cat-women","10":"first","11":"instock","12":"featured","13":"shipping-taxable","14":"purchasable","15":"product-type-simple","16":"add-to-wishlist-before_image"},"acf":[],"_links":{"self":[{"href":"https:\/\/europe.dlasint.com\/de\/wp-json\/wp\/v2\/product\/2390","targetHints":{"allow":["GET"]}}],"collection":[{"href":"https:\/\/europe.dlasint.com\/de\/wp-json\/wp\/v2\/product"}],"about":[{"href":"https:\/\/europe.dlasint.com\/de\/wp-json\/wp\/v2\/types\/product"}],"replies":[{"embeddable":true,"href":"https:\/\/europe.dlasint.com\/de\/wp-json\/wp\/v2\/comments?post=2390"}],"version-history":[{"count":0,"href":"https:\/\/europe.dlasint.com\/de\/wp-json\/wp\/v2\/product\/2390\/revisions"}],"wp:featuredmedia":[{"embeddable":true,"href":"https:\/\/europe.dlasint.com\/de\/wp-json\/wp\/v2\/media\/2858"}],"wp:attachment":[{"href":"https:\/\/europe.dlasint.com\/de\/wp-json\/wp\/v2\/media?parent=2390"}],"wp:term":[{"taxonomy":"product_brand","embeddable":true,"href":"https:\/\/europe.dlasint.com\/de\/wp-json\/wp\/v2\/product_brand?post=2390"},{"taxonomy":"product_cat","embeddable":true,"href":"https:\/\/europe.dlasint.com\/de\/wp-json\/wp\/v2\/product_cat?post=2390"},{"taxonomy":"product_tag","embeddable":true,"href":"https:\/\/europe.dlasint.com\/de\/wp-json\/wp\/v2\/product_tag?post=2390"}],"curies":[{"name":"wp","href":"https:\/\/api.w.org\/{rel}","templated":true}]}}