







{"id":2387,"date":"2022-01-27T08:07:23","date_gmt":"2022-01-27T08:07:23","guid":{"rendered":"https:\/\/dlaseuro.wpengine.com\/product\/soothing-hydrosol\/"},"modified":"2024-03-03T01:50:39","modified_gmt":"2024-03-03T01:50:39","slug":"soothing-hydrosol","status":"publish","type":"product","link":"https:\/\/europe.dlasint.com\/de\/produkt\/soothing-hydrosol\/","title":{"rendered":"Beruhigendes Hydrolat"},"content":{"rendered":"<p>D&#039;Las Soothing Hydrosol ist mit den authentischen Aromen von schwarzem Pfeffer, Nelke, Ingwer und Kurkuma angereichert.<\/p>\n<p>Die sofortige K\u00fchlf\u00e4higkeit der Inhaltsstoffe sorgt f\u00fcr beruhigende Linderung und lindert gleichzeitig Stress und Kopfschmerzen.<\/p>\n<p>Dies kann auch als Gesichtsnebel\/Toner, K\u00f6rpernebel, Hauttonikum, Lufterfrischer oder als W\u00e4schespray verwendet werden.<\/p>","protected":false},"excerpt":{"rendered":"<p>Ein aromatischer Spritzer aus einer nat\u00fcrlichen Mischung, um Spannungen abzubauen und Sie erleichtert und ruhig zu halten.<\/p>","protected":false},"featured_media":2851,"comment_status":"open","ping_status":"closed","template":"","meta":{"_acf_changed":false,"footnotes":""},"product_brand":[],"product_cat":[380,214,357],"product_tag":[],"class_list":{"0":"post-2387","1":"product","2":"type-product","3":"status-publish","4":"has-post-thumbnail","6":"product_cat-hydrosol-body","7":"product_cat-soothing-range","8":"product_cat-women","10":"first","11":"instock","12":"featured","13":"shipping-taxable","14":"purchasable","15":"product-type-simple","16":"add-to-wishlist-before_image"},"acf":[],"_links":{"self":[{"href":"https:\/\/europe.dlasint.com\/de\/wp-json\/wp\/v2\/product\/2387","targetHints":{"allow":["GET"]}}],"collection":[{"href":"https:\/\/europe.dlasint.com\/de\/wp-json\/wp\/v2\/product"}],"about":[{"href":"https:\/\/europe.dlasint.com\/de\/wp-json\/wp\/v2\/types\/product"}],"replies":[{"embeddable":true,"href":"https:\/\/europe.dlasint.com\/de\/wp-json\/wp\/v2\/comments?post=2387"}],"version-history":[{"count":0,"href":"https:\/\/europe.dlasint.com\/de\/wp-json\/wp\/v2\/product\/2387\/revisions"}],"wp:featuredmedia":[{"embeddable":true,"href":"https:\/\/europe.dlasint.com\/de\/wp-json\/wp\/v2\/media\/2851"}],"wp:attachment":[{"href":"https:\/\/europe.dlasint.com\/de\/wp-json\/wp\/v2\/media?parent=2387"}],"wp:term":[{"taxonomy":"product_brand","embeddable":true,"href":"https:\/\/europe.dlasint.com\/de\/wp-json\/wp\/v2\/product_brand?post=2387"},{"taxonomy":"product_cat","embeddable":true,"href":"https:\/\/europe.dlasint.com\/de\/wp-json\/wp\/v2\/product_cat?post=2387"},{"taxonomy":"product_tag","embeddable":true,"href":"https:\/\/europe.dlasint.com\/de\/wp-json\/wp\/v2\/product_tag?post=2387"}],"curies":[{"name":"wp","href":"https:\/\/api.w.org\/{rel}","templated":true}]}}