







{"id":2385,"date":"2022-01-27T08:07:23","date_gmt":"2022-01-27T08:07:23","guid":{"rendered":"https:\/\/dlaseuro.wpengine.com\/product\/soothing-organic-massage-oil\/"},"modified":"2023-04-01T05:32:55","modified_gmt":"2023-04-01T05:32:55","slug":"soothing-organic-massage-oil","status":"publish","type":"product","link":"https:\/\/europe.dlasint.com\/de\/produkt\/soothing-organic-massage-oil\/","title":{"rendered":"Beruhigendes Bio-Massage\u00f6l"},"content":{"rendered":"<p>Unsere charakteristische Spa-Massage\u00f6lmischung, angereichert mit 100% authentischem Nelken\u00f6l, schwarzem Pfeffer\u00f6l, Ingwer\u00f6l, Kurkuma\u00f6l und nativem Kokosnuss\u00f6l, hilft, Geist und K\u00f6rper zu beruhigen und zu entspannen.<\/p>\n<p>Die n\u00e4hrenden Eigenschaften der Formel tragen zur Beruhigung und F\u00f6rderung der Hautgesundheit bei und hinterlassen sie weich und geschmeidig.<\/p>","protected":false},"excerpt":{"rendered":"<p>Bringen Sie Ihren m\u00fcden Geist in eine entspannende Atmosph\u00e4re mit dem Aroma von 100% nat\u00fcrlichen \u00d6len. Beruhigen und entlasten Sie K\u00f6rper, Geist und Seele.<\/p>","protected":false},"featured_media":2848,"comment_status":"open","ping_status":"closed","template":"","meta":{"_acf_changed":false,"footnotes":""},"product_brand":[],"product_cat":[411,214,357],"product_tag":[],"class_list":{"0":"post-2385","1":"product","2":"type-product","3":"status-publish","4":"has-post-thumbnail","6":"product_cat-massage-oils","7":"product_cat-soothing-range","8":"product_cat-women","10":"first","11":"instock","12":"shipping-taxable","13":"purchasable","14":"product-type-simple","15":"add-to-wishlist-before_image"},"acf":[],"_links":{"self":[{"href":"https:\/\/europe.dlasint.com\/de\/wp-json\/wp\/v2\/product\/2385","targetHints":{"allow":["GET"]}}],"collection":[{"href":"https:\/\/europe.dlasint.com\/de\/wp-json\/wp\/v2\/product"}],"about":[{"href":"https:\/\/europe.dlasint.com\/de\/wp-json\/wp\/v2\/types\/product"}],"replies":[{"embeddable":true,"href":"https:\/\/europe.dlasint.com\/de\/wp-json\/wp\/v2\/comments?post=2385"}],"version-history":[{"count":0,"href":"https:\/\/europe.dlasint.com\/de\/wp-json\/wp\/v2\/product\/2385\/revisions"}],"wp:featuredmedia":[{"embeddable":true,"href":"https:\/\/europe.dlasint.com\/de\/wp-json\/wp\/v2\/media\/2848"}],"wp:attachment":[{"href":"https:\/\/europe.dlasint.com\/de\/wp-json\/wp\/v2\/media?parent=2385"}],"wp:term":[{"taxonomy":"product_brand","embeddable":true,"href":"https:\/\/europe.dlasint.com\/de\/wp-json\/wp\/v2\/product_brand?post=2385"},{"taxonomy":"product_cat","embeddable":true,"href":"https:\/\/europe.dlasint.com\/de\/wp-json\/wp\/v2\/product_cat?post=2385"},{"taxonomy":"product_tag","embeddable":true,"href":"https:\/\/europe.dlasint.com\/de\/wp-json\/wp\/v2\/product_tag?post=2385"}],"curies":[{"name":"wp","href":"https:\/\/api.w.org\/{rel}","templated":true}]}}