







{"id":2372,"date":"2022-01-27T08:07:20","date_gmt":"2022-01-27T08:07:20","guid":{"rendered":"https:\/\/dlaseuro.wpengine.com\/product\/clearing-refreshing-face-wash\/"},"modified":"2023-04-01T04:54:02","modified_gmt":"2023-04-01T04:54:02","slug":"clearing-refreshing-face-wash","status":"publish","type":"product","link":"https:\/\/europe.dlasint.com\/de\/produkt\/clearing-refreshing-face-wash\/","title":{"rendered":"Reinigendes und erfrischendes Gesichtswaschgel"},"content":{"rendered":"<p>Ein frischer Start mit D&#039;Las Clearing &amp; Refreshing Face Wash, um Ihren Tag frisch und energiegeladen zu halten.<\/p>\n<p>Diese gro\u00dfartige Kombination aus Ceylon-Zimtrinden\u00f6l und Aloe Vera ist f\u00fcr fettige Haut geeignet und hilft, \u00fcbersch\u00fcssiges \u00d6l und Unreinheiten zu entfernen und dadurch die Gesundheit der Haut zu f\u00f6rdern.<\/p>\n<p>Beginnen Sie jeden Tag mit klarer Haut!<\/p>","protected":false},"excerpt":{"rendered":"<p>Entferne die Mattheit auf deinem Gesicht. Ceylon-Zimt und Aloe Vera verbessern die Gesundheit und den Teint der Haut, indem sie \u00d6l und Unreinheiten entfernen.<\/p>","protected":false},"featured_media":2709,"comment_status":"open","ping_status":"closed","template":"","meta":{"_acf_changed":false,"footnotes":""},"product_brand":[],"product_cat":[210,371,357],"product_tag":[],"class_list":{"0":"post-2372","1":"product","2":"type-product","3":"status-publish","4":"has-post-thumbnail","6":"product_cat-clearing-refreshing-range","7":"product_cat-face-wash-face","8":"product_cat-women","10":"first","11":"instock","12":"featured","13":"shipping-taxable","14":"purchasable","15":"product-type-simple","16":"add-to-wishlist-before_image"},"acf":[],"_links":{"self":[{"href":"https:\/\/europe.dlasint.com\/de\/wp-json\/wp\/v2\/product\/2372","targetHints":{"allow":["GET"]}}],"collection":[{"href":"https:\/\/europe.dlasint.com\/de\/wp-json\/wp\/v2\/product"}],"about":[{"href":"https:\/\/europe.dlasint.com\/de\/wp-json\/wp\/v2\/types\/product"}],"replies":[{"embeddable":true,"href":"https:\/\/europe.dlasint.com\/de\/wp-json\/wp\/v2\/comments?post=2372"}],"version-history":[{"count":0,"href":"https:\/\/europe.dlasint.com\/de\/wp-json\/wp\/v2\/product\/2372\/revisions"}],"wp:featuredmedia":[{"embeddable":true,"href":"https:\/\/europe.dlasint.com\/de\/wp-json\/wp\/v2\/media\/2709"}],"wp:attachment":[{"href":"https:\/\/europe.dlasint.com\/de\/wp-json\/wp\/v2\/media?parent=2372"}],"wp:term":[{"taxonomy":"product_brand","embeddable":true,"href":"https:\/\/europe.dlasint.com\/de\/wp-json\/wp\/v2\/product_brand?post=2372"},{"taxonomy":"product_cat","embeddable":true,"href":"https:\/\/europe.dlasint.com\/de\/wp-json\/wp\/v2\/product_cat?post=2372"},{"taxonomy":"product_tag","embeddable":true,"href":"https:\/\/europe.dlasint.com\/de\/wp-json\/wp\/v2\/product_tag?post=2372"}],"curies":[{"name":"wp","href":"https:\/\/api.w.org\/{rel}","templated":true}]}}