







{"id":2359,"date":"2022-01-27T08:07:18","date_gmt":"2022-01-27T08:07:18","guid":{"rendered":"https:\/\/dlaseuro.wpengine.com\/product\/cleansing-balancing-hand-lotion\/"},"modified":"2023-04-01T05:01:02","modified_gmt":"2023-04-01T05:01:02","slug":"cleansing-balancing-hand-lotion","status":"publish","type":"product","link":"https:\/\/europe.dlasint.com\/de\/produkt\/cleansing-balancing-hand-lotion\/","title":{"rendered":"Cleansing &amp; Balancing Hand Lotion"},"content":{"rendered":"<p>Sch\u00fctzen Sie Ihre H\u00e4nde jederzeit mit der reichhaltigen Mischung aus D&#039;las Cleansing and Balancing Handlotion.<\/p>\n<p>Angereichert mit Holzkohle und 100 % nat\u00fcrlichem \u00e4therischem Teebaum\u00f6l. Diese einzigartige Formel hat antiseptische Eigenschaften, die helfen, Ihre H\u00e4nde gesund zu halten, w\u00e4hrend Aloe Vera, Bienenhonig und Jojoba\u00f6l langanhaltende feuchtigkeitsspendende Eigenschaften haben.<\/p>","protected":false},"excerpt":{"rendered":"<p>Heilen Sie Ihre trockenen H\u00e4nde mit nat\u00fcrlichem Teebaum und Aktivkohle. Langanhaltende Weichheit und Feuchtigkeit, um Ihre H\u00e4nde den ganzen Tag mit Feuchtigkeit zu versorgen!<\/p>","protected":false},"featured_media":4275,"comment_status":"open","ping_status":"closed","template":"","meta":{"_acf_changed":false,"footnotes":""},"product_brand":[],"product_cat":[208,375,357],"product_tag":[],"class_list":{"0":"post-2359","1":"product","2":"type-product","3":"status-publish","4":"has-post-thumbnail","6":"product_cat-cleansing-balancing-range","7":"product_cat-hand-lotion-body","8":"product_cat-women","10":"first","11":"instock","12":"shipping-taxable","13":"purchasable","14":"product-type-simple","15":"add-to-wishlist-before_image"},"acf":[],"_links":{"self":[{"href":"https:\/\/europe.dlasint.com\/de\/wp-json\/wp\/v2\/product\/2359","targetHints":{"allow":["GET"]}}],"collection":[{"href":"https:\/\/europe.dlasint.com\/de\/wp-json\/wp\/v2\/product"}],"about":[{"href":"https:\/\/europe.dlasint.com\/de\/wp-json\/wp\/v2\/types\/product"}],"replies":[{"embeddable":true,"href":"https:\/\/europe.dlasint.com\/de\/wp-json\/wp\/v2\/comments?post=2359"}],"version-history":[{"count":0,"href":"https:\/\/europe.dlasint.com\/de\/wp-json\/wp\/v2\/product\/2359\/revisions"}],"wp:featuredmedia":[{"embeddable":true,"href":"https:\/\/europe.dlasint.com\/de\/wp-json\/wp\/v2\/media\/4275"}],"wp:attachment":[{"href":"https:\/\/europe.dlasint.com\/de\/wp-json\/wp\/v2\/media?parent=2359"}],"wp:term":[{"taxonomy":"product_brand","embeddable":true,"href":"https:\/\/europe.dlasint.com\/de\/wp-json\/wp\/v2\/product_brand?post=2359"},{"taxonomy":"product_cat","embeddable":true,"href":"https:\/\/europe.dlasint.com\/de\/wp-json\/wp\/v2\/product_cat?post=2359"},{"taxonomy":"product_tag","embeddable":true,"href":"https:\/\/europe.dlasint.com\/de\/wp-json\/wp\/v2\/product_tag?post=2359"}],"curies":[{"name":"wp","href":"https:\/\/api.w.org\/{rel}","templated":true}]}}