







{"id":2344,"date":"2022-01-27T08:07:16","date_gmt":"2022-01-27T08:07:16","guid":{"rendered":"https:\/\/dlaseuro.wpengine.com\/product\/nil-katarolu-shampoo\/"},"modified":"2025-05-26T05:18:08","modified_gmt":"2025-05-26T05:18:08","slug":"nil-katarolu-shampoo","status":"publish","type":"product","link":"https:\/\/europe.dlasint.com\/de\/produkt\/nil-katarolu-shampoo\/","title":{"rendered":"Nil Katarolu Haarvolumen Shampoo"},"content":{"rendered":"<p>Das D&#039;Las Nil Katarolu Shampoo ist f\u00fcr d\u00fcnne und flache Haartypen geeignet und wurde entwickelt, um das Haarwachstum zu f\u00f6rdern und Haarbruch zu verhindern.<\/p>\n<p>Handgepfl\u00fcckt aus den herrlichen tropischen G\u00e4rten Sri Lankas hat der Nil-Katarolu-Bl\u00fctenextrakt die F\u00e4higkeit, das Haarwachstum zu f\u00f6rdern, das Haar dicker zu machen und Haarbruch zu reduzieren.<\/p>\n<p>Diese fortschrittliche Formel hilft, das Haar sanft zu reinigen und es gl\u00e4nzend, stark und frei von Frizz zu halten.<\/p>","protected":false},"excerpt":{"rendered":"<p>Definieren Sie die Haarsch\u00f6nheit mit Nil Katarolu-Extrakt neu. Revitalisieren Sie Ihre d\u00fcnnen Haarfollikel, st\u00e4rken Sie die Kopfhaut und f\u00f6rdern Sie das Haarwachstum.<\/p>","protected":false},"featured_media":2876,"comment_status":"open","ping_status":"closed","template":"","meta":{"_acf_changed":false,"footnotes":""},"product_brand":[],"product_cat":[255,205,385,357],"product_tag":[],"class_list":{"0":"post-2344","1":"product","2":"type-product","3":"status-publish","4":"has-post-thumbnail","6":"product_cat-new-arrivals","7":"product_cat-nil-katarolu-range","8":"product_cat-shampoo-hair","9":"product_cat-women","11":"first","12":"instock","13":"featured","14":"shipping-taxable","15":"purchasable","16":"product-type-simple","17":"add-to-wishlist-before_image"},"acf":[],"_links":{"self":[{"href":"https:\/\/europe.dlasint.com\/de\/wp-json\/wp\/v2\/product\/2344","targetHints":{"allow":["GET"]}}],"collection":[{"href":"https:\/\/europe.dlasint.com\/de\/wp-json\/wp\/v2\/product"}],"about":[{"href":"https:\/\/europe.dlasint.com\/de\/wp-json\/wp\/v2\/types\/product"}],"replies":[{"embeddable":true,"href":"https:\/\/europe.dlasint.com\/de\/wp-json\/wp\/v2\/comments?post=2344"}],"version-history":[{"count":0,"href":"https:\/\/europe.dlasint.com\/de\/wp-json\/wp\/v2\/product\/2344\/revisions"}],"wp:featuredmedia":[{"embeddable":true,"href":"https:\/\/europe.dlasint.com\/de\/wp-json\/wp\/v2\/media\/2876"}],"wp:attachment":[{"href":"https:\/\/europe.dlasint.com\/de\/wp-json\/wp\/v2\/media?parent=2344"}],"wp:term":[{"taxonomy":"product_brand","embeddable":true,"href":"https:\/\/europe.dlasint.com\/de\/wp-json\/wp\/v2\/product_brand?post=2344"},{"taxonomy":"product_cat","embeddable":true,"href":"https:\/\/europe.dlasint.com\/de\/wp-json\/wp\/v2\/product_cat?post=2344"},{"taxonomy":"product_tag","embeddable":true,"href":"https:\/\/europe.dlasint.com\/de\/wp-json\/wp\/v2\/product_tag?post=2344"}],"curies":[{"name":"wp","href":"https:\/\/api.w.org\/{rel}","templated":true}]}}