







{"id":2343,"date":"2022-01-27T08:07:16","date_gmt":"2022-01-27T08:07:16","guid":{"rendered":"https:\/\/dlaseuro.wpengine.com\/product\/nil-katarolu-conditioner\/"},"modified":"2024-11-30T16:24:07","modified_gmt":"2024-11-30T16:24:07","slug":"nil-katarolu-conditioner","status":"publish","type":"product","link":"https:\/\/europe.dlasint.com\/de\/produkt\/nil-katarolu-conditioner\/","title":{"rendered":"Nil Katarolu Haarsp\u00fclung mit Volumen"},"content":{"rendered":"<p>D&#039;Las Nil Katarolu Conditioner eignet sich f\u00fcr d\u00fcnne und flache Haartypen und wurde entwickelt, um das Haarwachstum zu f\u00f6rdern und Haarbruch zu verhindern.<\/p>\n<p>Handgepfl\u00fcckt aus den herrlichen tropischen G\u00e4rten Sri Lankas hat der Nil-Katarolu-Bl\u00fctenextrakt die F\u00e4higkeit, das Haarwachstum zu f\u00f6rdern, das Haar dicker zu machen und Haarbruch zu reduzieren.<\/p>","protected":false},"excerpt":{"rendered":"<p>Das richtige Ma\u00df an Pflege mit Nil-Katarolu-Bl\u00fctenextrakt, um Ihrem d\u00fcnnen Haar wundersch\u00f6nes Volumen zu verleihen, es zu st\u00e4rken und zu verdichten.<\/p>","protected":false},"featured_media":2874,"comment_status":"open","ping_status":"closed","template":"","meta":{"_acf_changed":false,"footnotes":""},"product_brand":[],"product_cat":[409,255,205,357],"product_tag":[],"class_list":{"0":"post-2343","1":"product","2":"type-product","3":"status-publish","4":"has-post-thumbnail","6":"product_cat-conditioner-hair","7":"product_cat-new-arrivals","8":"product_cat-nil-katarolu-range","9":"product_cat-women","11":"first","12":"instock","13":"shipping-taxable","14":"purchasable","15":"product-type-simple","16":"add-to-wishlist-before_image"},"acf":[],"_links":{"self":[{"href":"https:\/\/europe.dlasint.com\/de\/wp-json\/wp\/v2\/product\/2343","targetHints":{"allow":["GET"]}}],"collection":[{"href":"https:\/\/europe.dlasint.com\/de\/wp-json\/wp\/v2\/product"}],"about":[{"href":"https:\/\/europe.dlasint.com\/de\/wp-json\/wp\/v2\/types\/product"}],"replies":[{"embeddable":true,"href":"https:\/\/europe.dlasint.com\/de\/wp-json\/wp\/v2\/comments?post=2343"}],"version-history":[{"count":0,"href":"https:\/\/europe.dlasint.com\/de\/wp-json\/wp\/v2\/product\/2343\/revisions"}],"wp:featuredmedia":[{"embeddable":true,"href":"https:\/\/europe.dlasint.com\/de\/wp-json\/wp\/v2\/media\/2874"}],"wp:attachment":[{"href":"https:\/\/europe.dlasint.com\/de\/wp-json\/wp\/v2\/media?parent=2343"}],"wp:term":[{"taxonomy":"product_brand","embeddable":true,"href":"https:\/\/europe.dlasint.com\/de\/wp-json\/wp\/v2\/product_brand?post=2343"},{"taxonomy":"product_cat","embeddable":true,"href":"https:\/\/europe.dlasint.com\/de\/wp-json\/wp\/v2\/product_cat?post=2343"},{"taxonomy":"product_tag","embeddable":true,"href":"https:\/\/europe.dlasint.com\/de\/wp-json\/wp\/v2\/product_tag?post=2343"}],"curies":[{"name":"wp","href":"https:\/\/api.w.org\/{rel}","templated":true}]}}