







{"id":2340,"date":"2022-01-27T08:07:15","date_gmt":"2022-01-27T08:07:15","guid":{"rendered":"https:\/\/dlaseuro.wpengine.com\/product\/hibiscus-conditoner\/"},"modified":"2023-04-01T05:08:52","modified_gmt":"2023-04-01T05:08:52","slug":"hibiscus-conditioner","status":"publish","type":"product","link":"https:\/\/europe.dlasint.com\/de\/produkt\/hibiscus-conditioner\/","title":{"rendered":"Hibiscus Hair Nourishing Conditioner"},"content":{"rendered":"<p>Verabschieden Sie sich von Schuppen mit dem D&#039;Las Hibiscus Conditioner und befreien Sie Ihre sch\u00f6ne Haarm\u00e4hne mit Zuversicht.<\/p>\n<p>Die reichhaltige chemische Zusammensetzung des nat\u00fcrlich gewonnenen Hibiskusbl\u00fctenextrakts kann Schuppen und Spliss vorbeugen und gleichzeitig den Feuchtigkeitshaushalt aufrechterhalten.<\/p>\n<p>Die pflegenden Eigenschaften des Conditioners machen das Haar weich und gl\u00e4tten es, wodurch es leichter zu handhaben ist.<\/p>","protected":false},"excerpt":{"rendered":"<p>Pflegen Sie Ihr gesch\u00e4digtes Haar mit dem Extrakt der Hibiskusbl\u00fcte. Heilt das Haar und hinterl\u00e4sst es gl\u00e4nzend und seidig.<\/p>","protected":false},"featured_media":2880,"comment_status":"open","ping_status":"closed","template":"","meta":{"_acf_changed":false,"footnotes":""},"product_brand":[],"product_cat":[409,204,255,357],"product_tag":[],"class_list":{"0":"post-2340","1":"product","2":"type-product","3":"status-publish","4":"has-post-thumbnail","6":"product_cat-conditioner-hair","7":"product_cat-hibiscus-range","8":"product_cat-new-arrivals","9":"product_cat-women","11":"first","12":"instock","13":"shipping-taxable","14":"purchasable","15":"product-type-simple","16":"add-to-wishlist-before_image"},"acf":[],"_links":{"self":[{"href":"https:\/\/europe.dlasint.com\/de\/wp-json\/wp\/v2\/product\/2340","targetHints":{"allow":["GET"]}}],"collection":[{"href":"https:\/\/europe.dlasint.com\/de\/wp-json\/wp\/v2\/product"}],"about":[{"href":"https:\/\/europe.dlasint.com\/de\/wp-json\/wp\/v2\/types\/product"}],"replies":[{"embeddable":true,"href":"https:\/\/europe.dlasint.com\/de\/wp-json\/wp\/v2\/comments?post=2340"}],"version-history":[{"count":0,"href":"https:\/\/europe.dlasint.com\/de\/wp-json\/wp\/v2\/product\/2340\/revisions"}],"wp:featuredmedia":[{"embeddable":true,"href":"https:\/\/europe.dlasint.com\/de\/wp-json\/wp\/v2\/media\/2880"}],"wp:attachment":[{"href":"https:\/\/europe.dlasint.com\/de\/wp-json\/wp\/v2\/media?parent=2340"}],"wp:term":[{"taxonomy":"product_brand","embeddable":true,"href":"https:\/\/europe.dlasint.com\/de\/wp-json\/wp\/v2\/product_brand?post=2340"},{"taxonomy":"product_cat","embeddable":true,"href":"https:\/\/europe.dlasint.com\/de\/wp-json\/wp\/v2\/product_cat?post=2340"},{"taxonomy":"product_tag","embeddable":true,"href":"https:\/\/europe.dlasint.com\/de\/wp-json\/wp\/v2\/product_tag?post=2340"}],"curies":[{"name":"wp","href":"https:\/\/api.w.org\/{rel}","templated":true}]}}