







{"id":2336,"date":"2022-01-27T08:07:15","date_gmt":"2022-01-27T08:07:15","guid":{"rendered":"https:\/\/dlaseuro.wpengine.com\/product\/coconut-milk-golden-honey-body-lotion\/"},"modified":"2023-04-01T04:48:41","modified_gmt":"2023-04-01T04:48:41","slug":"coconut-milk-golden-honey-body-lotion","status":"publish","type":"product","link":"https:\/\/europe.dlasint.com\/de\/produkt\/coconut-milk-golden-honey-body-lotion\/","title":{"rendered":"K\u00f6rperlotion mit Kokosmilch und goldenem Honig"},"content":{"rendered":"<p>D&#039;Las Coconut Milk &amp; Golden Honey Body Lotion, angereichert mit Jojoba\u00f6l, Aloe Vera, Vitamin E-Acetat, Bienenhonig und anderen hautfreundlichen Inhaltsstoffen, um Ihre Haut zu pflegen.<\/p>\n<p>Die einfach aufzutragende, langanhaltende K\u00f6rperlotion bietet eine Spa-\u00e4hnliche Behandlung und die reichhaltige Formel spendet Ihrer zarten Haut Feuchtigkeit und hinterl\u00e4sst einen tropischen Glanz.<\/p>\n<p>Die nicht fettende Textur und die schnell einziehenden Eigenschaften der Lotion sorgen daf\u00fcr, dass sich Ihre Haut den ganzen Tag mit Feuchtigkeit versorgt anf\u00fchlt.<\/p>","protected":false},"excerpt":{"rendered":"<p>Die reichhaltige Formel aus Kokosmilch und goldener Honig-K\u00f6rperlotion verleiht Ihrer Haut einen tropischen Glanz mit ganzt\u00e4giger Feuchtigkeitsversorgung.<\/p>","protected":false},"featured_media":4290,"comment_status":"open","ping_status":"closed","template":"","meta":{"_acf_changed":false,"footnotes":""},"product_brand":[],"product_cat":[374,202,357],"product_tag":[],"class_list":{"0":"post-2336","1":"product","2":"type-product","3":"status-publish","4":"has-post-thumbnail","6":"product_cat-body-lotion-body","7":"product_cat-coconut-milk-golden-honey-range","8":"product_cat-women","10":"first","11":"instock","12":"shipping-taxable","13":"purchasable","14":"product-type-simple","15":"add-to-wishlist-before_image"},"acf":[],"_links":{"self":[{"href":"https:\/\/europe.dlasint.com\/de\/wp-json\/wp\/v2\/product\/2336","targetHints":{"allow":["GET"]}}],"collection":[{"href":"https:\/\/europe.dlasint.com\/de\/wp-json\/wp\/v2\/product"}],"about":[{"href":"https:\/\/europe.dlasint.com\/de\/wp-json\/wp\/v2\/types\/product"}],"replies":[{"embeddable":true,"href":"https:\/\/europe.dlasint.com\/de\/wp-json\/wp\/v2\/comments?post=2336"}],"version-history":[{"count":0,"href":"https:\/\/europe.dlasint.com\/de\/wp-json\/wp\/v2\/product\/2336\/revisions"}],"wp:featuredmedia":[{"embeddable":true,"href":"https:\/\/europe.dlasint.com\/de\/wp-json\/wp\/v2\/media\/4290"}],"wp:attachment":[{"href":"https:\/\/europe.dlasint.com\/de\/wp-json\/wp\/v2\/media?parent=2336"}],"wp:term":[{"taxonomy":"product_brand","embeddable":true,"href":"https:\/\/europe.dlasint.com\/de\/wp-json\/wp\/v2\/product_brand?post=2336"},{"taxonomy":"product_cat","embeddable":true,"href":"https:\/\/europe.dlasint.com\/de\/wp-json\/wp\/v2\/product_cat?post=2336"},{"taxonomy":"product_tag","embeddable":true,"href":"https:\/\/europe.dlasint.com\/de\/wp-json\/wp\/v2\/product_tag?post=2336"}],"curies":[{"name":"wp","href":"https:\/\/api.w.org\/{rel}","templated":true}]}}