







{"id":2326,"date":"2022-01-27T08:07:14","date_gmt":"2022-01-27T08:07:14","guid":{"rendered":"https:\/\/dlaseuro.wpengine.com\/product\/golden-honey-body-lotion\/"},"modified":"2023-04-01T04:48:49","modified_gmt":"2023-04-01T04:48:49","slug":"golden-honey-body-lotion","status":"publish","type":"product","link":"https:\/\/europe.dlasint.com\/de\/produkt\/golden-honey-body-lotion\/","title":{"rendered":"K\u00f6rperlotion mit goldenem Honig"},"content":{"rendered":"<p>D&#039;Las Golden Honey Body Lotion, angereichert mit Jojoba\u00f6l, Aloe Vera, Vitamin E-Acetat, Bienenhonig und anderen hautfreundlichen Inhaltsstoffen, versorgt Ihre Haut mit N\u00e4hrstoffen.<\/p>\n<p>Der einfach aufzutragende, langanhaltende warme Duft von klebrigem Honig sorgt f\u00fcr eine Spa-\u00e4hnliche Behandlung, und die cremige Formel spendet tiefe Feuchtigkeit und hinterl\u00e4sst Ihre Haut geschmeidig und feucht.<\/p>\n<p>Die nicht fettende Textur und die schnell einziehenden Eigenschaften der Lotion sorgen daf\u00fcr, dass sich Ihre Haut den ganzen Tag mit Feuchtigkeit versorgt anf\u00fchlt<\/p>","protected":false},"excerpt":{"rendered":"<p>Ein bisschen Magie von klebrigem Goldenem Honig, um Feuchtigkeit einzuschlie\u00dfen und diese wundersch\u00f6ne taufrische Haut zu erhalten.<\/p>","protected":false},"featured_media":4294,"comment_status":"open","ping_status":"closed","template":"","meta":{"_acf_changed":false,"footnotes":""},"product_brand":[],"product_cat":[374,200,357],"product_tag":[],"class_list":{"0":"post-2326","1":"product","2":"type-product","3":"status-publish","4":"has-post-thumbnail","6":"product_cat-body-lotion-body","7":"product_cat-golden-honey-range","8":"product_cat-women","10":"first","11":"instock","12":"shipping-taxable","13":"purchasable","14":"product-type-simple","15":"add-to-wishlist-before_image"},"acf":[],"_links":{"self":[{"href":"https:\/\/europe.dlasint.com\/de\/wp-json\/wp\/v2\/product\/2326","targetHints":{"allow":["GET"]}}],"collection":[{"href":"https:\/\/europe.dlasint.com\/de\/wp-json\/wp\/v2\/product"}],"about":[{"href":"https:\/\/europe.dlasint.com\/de\/wp-json\/wp\/v2\/types\/product"}],"replies":[{"embeddable":true,"href":"https:\/\/europe.dlasint.com\/de\/wp-json\/wp\/v2\/comments?post=2326"}],"version-history":[{"count":0,"href":"https:\/\/europe.dlasint.com\/de\/wp-json\/wp\/v2\/product\/2326\/revisions"}],"wp:featuredmedia":[{"embeddable":true,"href":"https:\/\/europe.dlasint.com\/de\/wp-json\/wp\/v2\/media\/4294"}],"wp:attachment":[{"href":"https:\/\/europe.dlasint.com\/de\/wp-json\/wp\/v2\/media?parent=2326"}],"wp:term":[{"taxonomy":"product_brand","embeddable":true,"href":"https:\/\/europe.dlasint.com\/de\/wp-json\/wp\/v2\/product_brand?post=2326"},{"taxonomy":"product_cat","embeddable":true,"href":"https:\/\/europe.dlasint.com\/de\/wp-json\/wp\/v2\/product_cat?post=2326"},{"taxonomy":"product_tag","embeddable":true,"href":"https:\/\/europe.dlasint.com\/de\/wp-json\/wp\/v2\/product_tag?post=2326"}],"curies":[{"name":"wp","href":"https:\/\/api.w.org\/{rel}","templated":true}]}}