







{"id":2316,"date":"2022-01-27T08:07:11","date_gmt":"2022-01-27T08:07:11","guid":{"rendered":"https:\/\/dlaseuro.wpengine.com\/product\/passion-fruit-body-lotion\/"},"modified":"2025-05-25T11:34:08","modified_gmt":"2025-05-25T11:34:08","slug":"passion-fruit-body-lotion","status":"publish","type":"product","link":"https:\/\/europe.dlasint.com\/de\/produkt\/passion-fruit-body-lotion\/","title":{"rendered":"Passionsfrucht-K\u00f6rperlotion"},"content":{"rendered":"<p>D&#039;Las Passionsfrucht-K\u00f6rperlotion ist mit Jojoba\u00f6l, Aloe Vera, Vitamin E-Acetat, Bienenhonig und anderen hautfreundlichen Inhaltsstoffen angereichert, um Ihre Haut mit N\u00e4hrstoffen zu versorgen.<\/p>\n<p>Der einfach aufzutragende, lang anhaltende Duft der Passionsfrucht bietet eine Spa-\u00e4hnliche Behandlung, w\u00e4hrend er die Haut mit Feuchtigkeit versorgt und ihr eine jung aussehende, straffe Haut verleiht.<\/p>\n<p>Die nicht fettende Textur und die schnell einziehenden Eigenschaften der Lotion sorgen daf\u00fcr, dass sich Ihre Haut den ganzen Tag mit Feuchtigkeit versorgt anf\u00fchlt.<\/p>","protected":false},"excerpt":{"rendered":"<p>Verw\u00f6hnen Sie Ihre Haut mit der zitronigen Maracuja-Lotion. Machen Sie Ihre Haut glatt und erhalten Sie diesen jugendlichen Glanz.<\/p>","protected":false},"featured_media":4298,"comment_status":"open","ping_status":"closed","template":"","meta":{"_acf_changed":false,"footnotes":""},"product_brand":[],"product_cat":[374,198,357],"product_tag":[],"class_list":{"0":"post-2316","1":"product","2":"type-product","3":"status-publish","4":"has-post-thumbnail","6":"product_cat-body-lotion-body","7":"product_cat-passion-fruit-range","8":"product_cat-women","10":"first","11":"instock","12":"shipping-taxable","13":"purchasable","14":"product-type-simple","15":"add-to-wishlist-before_image"},"acf":[],"_links":{"self":[{"href":"https:\/\/europe.dlasint.com\/de\/wp-json\/wp\/v2\/product\/2316","targetHints":{"allow":["GET"]}}],"collection":[{"href":"https:\/\/europe.dlasint.com\/de\/wp-json\/wp\/v2\/product"}],"about":[{"href":"https:\/\/europe.dlasint.com\/de\/wp-json\/wp\/v2\/types\/product"}],"replies":[{"embeddable":true,"href":"https:\/\/europe.dlasint.com\/de\/wp-json\/wp\/v2\/comments?post=2316"}],"version-history":[{"count":0,"href":"https:\/\/europe.dlasint.com\/de\/wp-json\/wp\/v2\/product\/2316\/revisions"}],"wp:featuredmedia":[{"embeddable":true,"href":"https:\/\/europe.dlasint.com\/de\/wp-json\/wp\/v2\/media\/4298"}],"wp:attachment":[{"href":"https:\/\/europe.dlasint.com\/de\/wp-json\/wp\/v2\/media?parent=2316"}],"wp:term":[{"taxonomy":"product_brand","embeddable":true,"href":"https:\/\/europe.dlasint.com\/de\/wp-json\/wp\/v2\/product_brand?post=2316"},{"taxonomy":"product_cat","embeddable":true,"href":"https:\/\/europe.dlasint.com\/de\/wp-json\/wp\/v2\/product_cat?post=2316"},{"taxonomy":"product_tag","embeddable":true,"href":"https:\/\/europe.dlasint.com\/de\/wp-json\/wp\/v2\/product_tag?post=2316"}],"curies":[{"name":"wp","href":"https:\/\/api.w.org\/{rel}","templated":true}]}}