







{"id":2299,"date":"2022-01-27T08:07:10","date_gmt":"2022-01-27T08:07:10","guid":{"rendered":"https:\/\/dlaseuro.wpengine.com\/product\/jasmine-shampoo\/"},"modified":"2024-09-20T08:43:15","modified_gmt":"2024-09-20T08:43:15","slug":"jasmine-shampoo","status":"publish","type":"product","link":"https:\/\/europe.dlasint.com\/de\/produkt\/jasmine-shampoo\/","title":{"rendered":"Jasmin-Shampoo"},"content":{"rendered":"<p>D&#039;las Jasmine Shampoo ist f\u00fcr alle Haartypen geeignet.<\/p>\n<p>Angereichert mit Aloe Vera, Provitamin B5 und milden Tensiden reinigt diese seidige Formel das Haar sanft, stellt das Haarvolumen wieder her, reduziert Verwicklungen und h\u00e4lt es frei von Kr\u00e4uselungen.<\/p>\n<p>W\u00e4hrend der aromatische Duft von s\u00fc\u00dfem Jasmin hilft, Stress abzubauen, sorgt er f\u00fcr ein entspannendes Badeerlebnis.<\/p>","protected":false},"excerpt":{"rendered":"<p>T\u00e4gliches Einsch\u00e4umen mit D&#039;las Jasmine Shampoo, um Ihr Haar sauber, gest\u00e4rkt und entwirrt zu halten. Den ganzen Tag nach Jasmin riechen!<\/p>","protected":false},"featured_media":2589,"comment_status":"open","ping_status":"closed","template":"","meta":{"_acf_changed":false,"footnotes":""},"product_brand":[],"product_cat":[194,385,357],"product_tag":[],"class_list":{"0":"post-2299","1":"product","2":"type-product","3":"status-publish","4":"has-post-thumbnail","6":"product_cat-jasmine-range","7":"product_cat-shampoo-hair","8":"product_cat-women","10":"first","11":"instock","12":"shipping-taxable","13":"purchasable","14":"product-type-simple","15":"add-to-wishlist-before_image"},"acf":[],"_links":{"self":[{"href":"https:\/\/europe.dlasint.com\/de\/wp-json\/wp\/v2\/product\/2299","targetHints":{"allow":["GET"]}}],"collection":[{"href":"https:\/\/europe.dlasint.com\/de\/wp-json\/wp\/v2\/product"}],"about":[{"href":"https:\/\/europe.dlasint.com\/de\/wp-json\/wp\/v2\/types\/product"}],"replies":[{"embeddable":true,"href":"https:\/\/europe.dlasint.com\/de\/wp-json\/wp\/v2\/comments?post=2299"}],"version-history":[{"count":0,"href":"https:\/\/europe.dlasint.com\/de\/wp-json\/wp\/v2\/product\/2299\/revisions"}],"wp:featuredmedia":[{"embeddable":true,"href":"https:\/\/europe.dlasint.com\/de\/wp-json\/wp\/v2\/media\/2589"}],"wp:attachment":[{"href":"https:\/\/europe.dlasint.com\/de\/wp-json\/wp\/v2\/media?parent=2299"}],"wp:term":[{"taxonomy":"product_brand","embeddable":true,"href":"https:\/\/europe.dlasint.com\/de\/wp-json\/wp\/v2\/product_brand?post=2299"},{"taxonomy":"product_cat","embeddable":true,"href":"https:\/\/europe.dlasint.com\/de\/wp-json\/wp\/v2\/product_cat?post=2299"},{"taxonomy":"product_tag","embeddable":true,"href":"https:\/\/europe.dlasint.com\/de\/wp-json\/wp\/v2\/product_tag?post=2299"}],"curies":[{"name":"wp","href":"https:\/\/api.w.org\/{rel}","templated":true}]}}