







{"id":2292,"date":"2022-01-27T08:07:09","date_gmt":"2022-01-27T08:07:09","guid":{"rendered":"https:\/\/dlaseuro.wpengine.com\/product\/lavender-handmade-soap\/"},"modified":"2025-05-25T14:31:21","modified_gmt":"2025-05-25T14:31:21","slug":"lavender-handmade-soap","status":"publish","type":"product","link":"https:\/\/europe.dlasint.com\/de\/produkt\/lavender-handmade-soap\/","title":{"rendered":"Lavendel handgemachte Seife"},"content":{"rendered":"<p>D&#039;Las Lavender Handgemachte Seife ist f\u00fcr alle Hauttypen geeignet.<\/p>\n<p>Angereichert mit Kokosnuss\u00f6l, Rizinus\u00f6l, Sonnenblumenkern\u00f6l und hautfreundlichen Inhaltsstoffen reinigt es sanft Ihre empfindliche Haut und bietet umfassenden Hautschutz.<\/p>\n<p>Die beruhigenden und regenerierenden Eigenschaften von Lavendel tragen zu einem stimmungsaufhellenden und entspannenden Badeerlebnis bei, w\u00e4hrend die sanfte Formel gereizte Haut beruhigt.<\/p>","protected":false},"excerpt":{"rendered":"<p>Machen Sie sich bereit f\u00fcr eine Aromatherapiebehandlung, w\u00e4hrend Sie Ihre Haut mit zarter handgemachter Lavendelseife entspannen und beruhigen.<\/p>","protected":false},"featured_media":2628,"comment_status":"open","ping_status":"closed","template":"","meta":{"_acf_changed":false,"footnotes":""},"product_brand":[],"product_cat":[381,192,357],"product_tag":[],"class_list":{"0":"post-2292","1":"product","2":"type-product","3":"status-publish","4":"has-post-thumbnail","6":"product_cat-handmade-soap-body","7":"product_cat-lavender-range","8":"product_cat-women","10":"first","11":"instock","12":"shipping-taxable","13":"purchasable","14":"product-type-simple","15":"add-to-wishlist-before_image"},"acf":[],"_links":{"self":[{"href":"https:\/\/europe.dlasint.com\/de\/wp-json\/wp\/v2\/product\/2292","targetHints":{"allow":["GET"]}}],"collection":[{"href":"https:\/\/europe.dlasint.com\/de\/wp-json\/wp\/v2\/product"}],"about":[{"href":"https:\/\/europe.dlasint.com\/de\/wp-json\/wp\/v2\/types\/product"}],"replies":[{"embeddable":true,"href":"https:\/\/europe.dlasint.com\/de\/wp-json\/wp\/v2\/comments?post=2292"}],"version-history":[{"count":0,"href":"https:\/\/europe.dlasint.com\/de\/wp-json\/wp\/v2\/product\/2292\/revisions"}],"wp:featuredmedia":[{"embeddable":true,"href":"https:\/\/europe.dlasint.com\/de\/wp-json\/wp\/v2\/media\/2628"}],"wp:attachment":[{"href":"https:\/\/europe.dlasint.com\/de\/wp-json\/wp\/v2\/media?parent=2292"}],"wp:term":[{"taxonomy":"product_brand","embeddable":true,"href":"https:\/\/europe.dlasint.com\/de\/wp-json\/wp\/v2\/product_brand?post=2292"},{"taxonomy":"product_cat","embeddable":true,"href":"https:\/\/europe.dlasint.com\/de\/wp-json\/wp\/v2\/product_cat?post=2292"},{"taxonomy":"product_tag","embeddable":true,"href":"https:\/\/europe.dlasint.com\/de\/wp-json\/wp\/v2\/product_tag?post=2292"}],"curies":[{"name":"wp","href":"https:\/\/api.w.org\/{rel}","templated":true}]}}