







{"id":2288,"date":"2022-01-27T08:07:08","date_gmt":"2022-01-27T08:07:08","guid":{"rendered":"https:\/\/dlaseuro.wpengine.com\/product\/lavender-body-lotion\/"},"modified":"2024-02-29T11:09:51","modified_gmt":"2024-02-29T11:09:51","slug":"lavender-body-lotion","status":"publish","type":"product","link":"https:\/\/europe.dlasint.com\/de\/produkt\/lavender-body-lotion\/","title":{"rendered":"Lavendel Bodylotion"},"content":{"rendered":"<p>Angereichert mit Jojoba\u00f6l, Aloe Vera, Vitamin E-Acetat, Bienenhonig und anderen hautfreundlichen Inhaltsstoffen versorgt die D&#039;las Lavender Bodylotion Ihre Haut mit N\u00e4hrstoffen.<\/p>\n<p>Die einfach aufzutragende milchige Formel hilft, gereizte Haut zu beruhigen, w\u00e4hrend der langanhaltende zarte Duft von Lavendel Ihren Geist und K\u00f6rper entspannt und eine Spa-\u00e4hnliche Behandlung bietet.<\/p>\n<p>Die nicht fettende und schnell einziehende Wirkung der Lotion h\u00e4lt Ihre Haut den ganzen Tag \u00fcber mit Feuchtigkeit versorgt.<\/p>","protected":false},"excerpt":{"rendered":"<p>Lassen Sie den zarten Lavendelduft Ihren Geist und K\u00f6rper beruhigen, w\u00e4hrend die cremige Formel Ihre Haut den ganzen Tag mit Feuchtigkeit versorgt.<\/p>","protected":false},"featured_media":4296,"comment_status":"open","ping_status":"closed","template":"","meta":{"_acf_changed":false,"footnotes":""},"product_brand":[],"product_cat":[374,192,357],"product_tag":[],"class_list":{"0":"post-2288","1":"product","2":"type-product","3":"status-publish","4":"has-post-thumbnail","6":"product_cat-body-lotion-body","7":"product_cat-lavender-range","8":"product_cat-women","10":"first","11":"instock","12":"featured","13":"shipping-taxable","14":"purchasable","15":"product-type-simple","16":"add-to-wishlist-before_image"},"acf":[],"_links":{"self":[{"href":"https:\/\/europe.dlasint.com\/de\/wp-json\/wp\/v2\/product\/2288","targetHints":{"allow":["GET"]}}],"collection":[{"href":"https:\/\/europe.dlasint.com\/de\/wp-json\/wp\/v2\/product"}],"about":[{"href":"https:\/\/europe.dlasint.com\/de\/wp-json\/wp\/v2\/types\/product"}],"replies":[{"embeddable":true,"href":"https:\/\/europe.dlasint.com\/de\/wp-json\/wp\/v2\/comments?post=2288"}],"version-history":[{"count":0,"href":"https:\/\/europe.dlasint.com\/de\/wp-json\/wp\/v2\/product\/2288\/revisions"}],"wp:featuredmedia":[{"embeddable":true,"href":"https:\/\/europe.dlasint.com\/de\/wp-json\/wp\/v2\/media\/4296"}],"wp:attachment":[{"href":"https:\/\/europe.dlasint.com\/de\/wp-json\/wp\/v2\/media?parent=2288"}],"wp:term":[{"taxonomy":"product_brand","embeddable":true,"href":"https:\/\/europe.dlasint.com\/de\/wp-json\/wp\/v2\/product_brand?post=2288"},{"taxonomy":"product_cat","embeddable":true,"href":"https:\/\/europe.dlasint.com\/de\/wp-json\/wp\/v2\/product_cat?post=2288"},{"taxonomy":"product_tag","embeddable":true,"href":"https:\/\/europe.dlasint.com\/de\/wp-json\/wp\/v2\/product_tag?post=2288"}],"curies":[{"name":"wp","href":"https:\/\/api.w.org\/{rel}","templated":true}]}}